{"id":6503,"date":"2025-04-22T15:23:00","date_gmt":"2025-04-22T13:23:00","guid":{"rendered":"https:\/\/fantiusa.hypefarm-test.it\/?page_id=6503"},"modified":"2025-04-29T15:21:25","modified_gmt":"2025-04-29T13:21:25","slug":"la-nostra-presenza-globale","status":"publish","type":"page","link":"https:\/\/fantiusa.hypefarm-test.it\/it\/la-nostra-presenza-globale\/","title":{"rendered":"La Nostra Presenza Globale"},"content":{"rendered":"<div class=\"wpb-content-wrapper\"><p>[vc_row full_width=&#8221;stretch_row_content&#8221; el_class=&#8221;topimage&#8221; css=&#8221;.vc_custom_1745328223893{background-image: url(https:\/\/fantiusa.hypefarm-test.it\/wp-content\/uploads\/2025\/04\/Fanti-global-presence.jpg?id=6509) !important;}&#8221;][vc_column][vc_empty_space][\/vc_column][\/vc_row][vc_row css=&#8221;.vc_custom_1745224600624{padding-top: 40px !important;padding-bottom: 40px !important;}&#8221;][vc_column][vc_column_text css=&#8221;.vc_custom_1745328019120{margin-bottom: 15px !important;}&#8221;]<\/p>\n<h1 style=\"text-align: center;\"><img loading=\"lazy\" decoding=\"async\" class=\"size-full wp-image-6504 aligncenter\" src=\"\/wp-content\/uploads\/2025\/04\/IC05b.png\" alt=\"\" width=\"61\" height=\"61\" \/>LA NOSTRA PRESENZA GLOBALE<\/h1>\n<p>[\/vc_column_text][vc_separator color=&#8221;custom&#8221; border_width=&#8221;10&#8243; el_width=&#8221;40&#8243; css=&#8221;.vc_custom_1745324909783{margin-bottom: 50px !important;}&#8221; accent_color=&#8221;#0E7A3F&#8221;][vc_column_text css=&#8221;.vc_custom_1745328030257{padding-top: 40px !important;padding-bottom: 40px !important;}&#8221;]<\/p>\n<p style=\"text-align: justify;\">La presenza globale di Fanti Packaging \u00e8 il risultato di un impegno costante nel portare le nostre soluzioni di imballaggio nel mondo. Con <strong>10 stabilimenti e filiali in 3 continenti<\/strong> che abbracciano diverse culture e mercati, raggiungiamo <strong>oltre 1000 clienti in pi\u00f9 di 50 Paesi<\/strong>.<br \/>\nSiamo <strong>globali nelle ambizioni<\/strong>, <strong>locali nell\u2019approccio<\/strong>: un ponte che unisce il mondo attraverso il packaging.<\/p>\n<p>[\/vc_column_text][\/vc_column][\/vc_row][vc_row full_width=&#8221;stretch_row_content&#8221; css=&#8221;.vc_custom_1745328862035{padding-bottom: 60px !important;}&#8221;][vc_column][vc_single_image image=&#8221;6506&#8243; img_size=&#8221;full&#8221; alignment=&#8221;center&#8221; css=&#8221;&#8221;][\/vc_column][\/vc_row][vc_row][vc_column][vc_column_text css=&#8221;&#8221;]<\/p>\n<h4 style=\"text-align: left;\"><span style=\"color: #000;\"><strong>GIORGIO FANTI S.p.A.<\/strong><\/span><\/h4>\n<p style=\"margin: 0cm; font-size: 16px;\">Origine e cuore pulsante di tutta la Fanti Packaging,\u00a0<b>Giorgio Fanti S.p.A nasce nel 1948<\/b>\u00a0dall\u2019idea illuminata di Giorgio Fanti che vide in una\u00a0<b>scatoletta di carne<\/b>\u00a0l\u2019opportunit\u00e0 di un business. Dal garage di via del Lino 8 a Bologna allo stabilimento di Borgo Panigale, fino allo spostamento definitivo nel 1969 nell\u2019attuale sede a Casalecchio di Reno, Giorgio Fanti S.p.A. \u00e8 da sempre specializzata nella\u00a0<b>produzione di contenitori metallici per vernici<\/b>. L\u2019acquisto della\u00a0<b>prima linea automatica\u00a0<\/b>per l\u2019assemblaggio delle scatole in banda stagnata nel\u00a0<b>1952<\/b>\u00a0\u00e8 stata una pietra miliare dello sviluppo e dell\u2019affermazione dell\u2019azienda.\u00a0<b>Nel 2022 ha ufficialmente preso vita Fanti Packaging<\/b>, la holding familiare che unisce tutte le societ\u00e0 del gruppo, ottimizzando risorse e sinergie. Lo stabilimento di Giorgio Fanti S.p.A., il pi\u00f9 grande e il pi\u00f9 completo, si sviluppa con circa 150 dipendenti su una superficie di cica 20.000 mq, gestendo l\u2019intero ciclo produttivo.<\/p>\n<p>[\/vc_column_text][vc_separator color=&#8221;black&#8221; css=&#8221;&#8221;][\/vc_column][\/vc_row][vc_row][vc_column][vc_column_text css=&#8221;&#8221;]<\/p>\n<h4><strong>FANTI I.C.M.<br \/>\nIndustria Contenitori Metallici S.p.A.<\/strong><\/h4>\n<p style=\"margin: 0cm; font-size: 16px;\">Fondata\u00a0<b>nel 1965 a Montechiarugolo (Parma, Italia)<\/b>\u00a0da ex dipendenti della Capolo Spa, I.C.M. si \u00e8 inizialmente specializzata nella fabbricazione di\u00a0<b>barattoli per olio, tonno e settore chimico<\/b>. Nel\u00a0<b>1990<\/b>, l\u2019allora Giorgio Fanti S.p.A. ha acquisito la maggioranza delle quote di I.C.M. sancendo una importante integrazione per lo sviluppo e l\u2019arricchimento dell\u2019intera offerta. Oggi, con 47 dipendenti e uno stabilimento di 7000 mq, l\u2019azienda \u00e8 leader nella produzione di\u00a0<b>barattoli conici general line<\/b>\u00a0e continua a lavorare in modo sinergico con Fanti Packaging per garantire innovazione e qualit\u00e0 al settore dell\u2019imballaggio.<\/p>\n<p>[\/vc_column_text][vc_separator color=&#8221;black&#8221; css=&#8221;&#8221;][\/vc_column][\/vc_row][vc_row][vc_column][vc_column_text css=&#8221;&#8221;]<\/p>\n<h4><strong>FANTI VENEGONI S.r.l.<\/strong><\/h4>\n<p style=\"margin: 0cm; font-size: 16px;\">Fondata nel\u00a0<b>1973 da Pietro Venegoni<\/b>, l\u2019azienda ha saputo evolversi da realt\u00e0 locale a player di rilievo nel settore degli\u00a0<b>imballaggi metallici \u201cGeneral Line\u201d e \u201cFood Cans\u201d<\/b>. Guidata con passione da oltre 40 anni dalla famiglia Venegoni, oggi l\u2019azienda opera in un moderno stabilimento di 3000 mq a\u00a0<b>Trecate (Novara, Italia),<\/b>\u00a0con 18 dipendenti specializzati. Dal\u00a0<b>2018<\/b>, Venegoni \u00e8 entrata a far parte della famiglia Fanti, beneficiando di\u00a0<b>sinergie commerciali e di processo<\/b>.<\/p>\n<p>[\/vc_column_text][vc_separator color=&#8221;black&#8221; css=&#8221;&#8221;][\/vc_column][\/vc_row][vc_row][vc_column][vc_column_text css=&#8221;&#8221;]<\/p>\n<h4><strong>FANTI PLAST S.r.l.<br \/>\nStabilimento di Gemmano<\/strong><\/h4>\n<p style=\"margin: 0cm; font-size: 16px;\"><b>FANTI PLAST\u00a0<\/b>\u00e8 la divisione che Fanti Packaging ha istituito nel\u00a0<b>2022<\/b>\u00a0per identificare il ramo produttivo dedicato al<b>\u00a0packaging plastico e ibrido<\/b>. Un segmento di rilievo in cui confluiscono\u00a0<b>due stabilimenti\u00a0<\/b>e altrettante realt\u00e0 produttive. Nel\u00a0<b>sito di Gemmano (Rimini, Italia)<\/b>\u00a0vengono realizzati\u00a0<b>contenitori in plastica di grandi dimensioni<\/b>\u00a0dando continuit\u00e0 a P. Cans, azienda frutto della sinergia tra Fanti e la famiglia Verni, titolare di una storica realt\u00e0 che, fondata negli anni \u201980, si \u00e8 affermata nella produzione di secchi e secchielli in plastica di alta qualit\u00e0. Nel\u00a0<b>2015<\/b>, il gruppo bolognese rileva la partecipazione della famiglia Verni. Nasce cos\u00ec\u00a0<b>P. Cans S.r.l<\/b>, che segna l\u2019ingresso di Fanti Packaging nell\u2019ambito del packaging in plastica. Ad oggi FANTI Plast, con entrambi gli stabilimenti produttivi, copre una superficie di circa 20.000 mq e opera con pi\u00f9 di 30 dipendenti.<\/p>\n<p>[\/vc_column_text][vc_separator color=&#8221;black&#8221; css=&#8221;&#8221;][\/vc_column][\/vc_row][vc_row][vc_column][vc_column_text css=&#8221;&#8221;]<\/p>\n<h4><strong>FANTI PLAST S.r.l.<br \/>\nStabilimento di Codogno<\/strong><\/h4>\n<p style=\"margin: 0cm; font-size: 16px;\">Un segmento produttivo di grande importanza \u00e8 quello dedicato al\u00a0<b>packaging plastico e ibrido<\/b>, cui Fanti Packaging ha dedicato nel\u00a0<b>2022<\/b>\u00a0la divisione\u00a0<b>FANTI Plast.<\/b>\u00a0La Business Unit opera con\u00a0<b>due diversi stabilimenti<\/b>\u00a0cui fanno riferimento altrettante realt\u00e0 entrate a far parte del gruppo, condividendo esperienza, professionalit\u00e0 e visione. A\u00a0<b>Codogno (Lodi, Italia)<\/b>\u00a0pone le sue radici\u00a0<b>Polibox Italiana<\/b>, nata nel 1978 sotto la guida dei fratelli Rosso. Inizialmente dedicati allo stampaggio a iniezione delle materie plastiche per la produzione di contenitori per pitture e vernici, hanno siglato il loro successo grazie alla creazione del\u00a0<b>primo contenitore ibrido in Italia<\/b>, che combina plastica e metallo. Frutto di un primo importante\u00a0<b>brevetto<\/b>, l\u2019innovazione \u00e8 poi proseguita con\u00a0<b>l\u2019ulteriore brevetto europeo Eco-Rivest,<\/b>\u00a0un rivoluzionario sistema di rivestimento e protezione interno. Dal\u00a0<b>2016<\/b>\u00a0Polibox entra a far parte della famiglia Fanti, inizialmente con\u00a0<b>P<\/b>.<b>Cans S.r.l.<\/b>\u00a0e successivamente nella divisione\u00a0<b>FANTI Plast<\/b>, con un impianto produttivo moderno e tecnologicamente avanzato. La gamma si \u00e8 ulteriormente ampliata con un reparto dedicato al settore alimentare.<\/p>\n<p>[\/vc_column_text][vc_separator color=&#8221;black&#8221; css=&#8221;&#8221;][\/vc_column][\/vc_row][vc_row][vc_column][vc_column_text css=&#8221;&#8221;]<\/p>\n<h4><strong>OCM S.p.A.<\/strong><\/h4>\n<p style=\"margin: 0cm; font-size: 16px;\">OCM \u00e8 entrata a far parte di Fanti Packaging nel\u00a0<strong>2024<\/strong>\u00a0per segnare un nuovo upgrade nella\u00a0<strong>gamma produttiva specializzata nel food<\/strong>. Storica azienda di\u00a0<strong>Gruaro (Venezia, Italia)<\/strong>, ha raggiunto la leadership nazionale nel settore del packaging metallico grazie alla sapiente guida della famiglia\u00a0<strong>D\u2019Agnolo<\/strong>, tutt\u2019oggi presente nella gestione dell\u2019attivit\u00e0. Con oltre 200 dipendenti nei due stabilimenti di Gruaro e San Martino di Lupari, OCM si unisce a Fanti Packaging per garantire ancora pi\u00f9 competitivit\u00e0 soprattutto nel\u00a0<strong>settore alimentare e del caff\u00e8<\/strong>, potendo vantare una collaborazione storica con la nota illycaff\u00e8 S.p.A.<\/p>\n<p>[\/vc_column_text][vc_separator color=&#8221;black&#8221; css=&#8221;&#8221;][\/vc_column][\/vc_row][vc_row][vc_column][vc_column_text css=&#8221;&#8221;]<\/p>\n<h4><strong>I.C.E.<br \/>\nInnovative Canmakers Europe<\/strong><\/h4>\n<p style=\"margin: 0cm; font-size: 16px;\">Nata nel\u00a0<b>2007<\/b>\u00a0dalla collaborazione\u00a0<b>tra Blechwarenfabrik Limburg GmbH (Germania) e Fanti Packaging (Italia)<\/b>,\u00a0<b>ICE-Innovative Canmakers Europe<\/b>\u00a0\u00e8 una\u00a0<b>partnership commerciale<\/b>\u00a0leader nel settore degli\u00a0<b>imballaggi in banda stagnata<\/b>\u00a0<b>per prodotti chimico-tecnici<\/b>. Ubicata a\u00a0<b>Monaco<\/b>\u00a0<b>di Baviera (Germania),<\/b>\u00a0unisce l\u2019esperienza e l\u2019innovazione di due giganti europei del packaging per offrire soluzioni di imballaggio metallico all\u2019avanguardia in tutta Europa e oltre. La forza di quest\u2019azienda risiede nella combinazione di know-how decennale, tecnologie innovative e una vasta rete di distribuzione paneuropea. Con un team di oltre 800 professionisti e stabilimenti produttivi dotati di macchinari all\u2019avanguardia, tra cui tecnologie di stampa avanzate con macchine a 6 colori e sistemi CTP integrati, garantisce imballaggi di alta qualit\u00e0 per una vasta gamma di prodotti chimico-tecnici.<\/p>\n<p>[\/vc_column_text][vc_separator color=&#8221;black&#8221; css=&#8221;&#8221;][\/vc_column][\/vc_row][vc_row][vc_column][vc_column_text css=&#8221;&#8221;]<\/p>\n<h4><strong>FANTI ROMANIA G.I.I.<br \/>\nGruppo Italiano Imballaggi<\/strong><\/h4>\n<p style=\"margin: 0cm; font-size: 16px;\">Fondata\u00a0<b>nel 1999 a Bucarest<\/b>\u00a0<b>(Romania),<\/b>\u00a0G.I.I. Gruppo Italiano Imballaggi nasce originariamente come joint venture tra Fanti e due produttori italiani per assemblare i barattoli e\u00a0<b>servire il mercato locale<\/b>\u00a0dei produttori di vernici in maniera pi\u00f9 funzionale ed economica. Le dinamiche di mercato e i cambiamenti societari hanno determinato gli anni successivi di G.I.I. che, nel\u00a0<b>2006<\/b>, ha avviato un\u00a0<b>progetto di espansione<\/b>\u00a0sotto la guida unica della famiglia Fanti. \u00c8 stato acquistato e costruito un nuovo stabilimento di 6.000 mq fuori Bucarest con un ampliamento di gamma e con nuovi macchinari in piena operativit\u00e0 dal 2014.<\/p>\n<p>[\/vc_column_text][vc_separator color=&#8221;black&#8221; css=&#8221;&#8221;][\/vc_column][\/vc_row][vc_row][vc_column][vc_column_text css=&#8221;&#8221;]<\/p>\n<h4><strong>FANTI ESPA\u00d1A<br \/>\nEnvases, S.A.<\/strong><\/h4>\n<p style=\"margin: 0cm; font-size: 16px;\">Fondata\u00a0<b>nel 1940 da Mariano Sanz Garcia<\/b>,\u00a0<b>Industrias Sanz<\/b>\u00a0si \u00e8 specializzata nella produzione di\u00a0<b>barattoli, fustini e pails in metallo<\/b>. Nel giugno\u00a0<b>2023<\/b>\u00a0entra ufficialmente in Fanti Packaging con la nuova denominazione\u00a0<b>Fanti Espa\u00f1a<\/b>, offrendo una consulenza di prodotto e di servizio ancora pi\u00f9 customizzata secondo una\u00a0<b>politica global-local<\/b>\u00a0che mira a garantire l\u2019eccellenza di Fanti Packaging in tutto il mondo, nel rispetto delle differenti esigenze locali. Lo stabilimento di\u00a0<b>Alcobendas (Madrid)<\/b>\u00a0si estende su 4.800 mq dove lavorano 25 dipendenti. Grazie alle sinergie con il gruppo, Fanti Espa\u00f1a \u00e8 in grado di offrire soluzioni di\u00a0<b>packaging in metallo di alto livello<\/b>, seguendo i clienti dalla progettazione fino alla consegna del prodotto finito.<\/p>\n<p>[\/vc_column_text][vc_separator color=&#8221;black&#8221; css=&#8221;&#8221;][\/vc_column][\/vc_row][vc_row][vc_column][vc_column_text css=&#8221;&#8221;]<\/p>\n<h4><strong>FANTI PLAST ESPA\u00d1A<br \/>\nEnvases, S.A.<\/strong><\/h4>\n<p style=\"margin: 0cm; font-size: 16px;\">Acquisita nel <strong>2024<\/strong> da Fanti Espa\u00f1a Envases, gi\u00e0 parte integrante di Fanti Packaging, Gruplasa S.L. \u00e8 una realt\u00e0 con sede a Madrid specializzata nella produzione di <strong>imballaggi in plastica.<\/strong> Il suo ingresso nella realt\u00e0 di Fanti Packaging come <strong>Fanti Plast Espa\u00f1a<\/strong> consente di fornire al mercato iberico una gamma completa di soluzioni di packaging primario in metallo, plastica e ibrido. Grazie a un approccio professionale e attento, la nuova Fanti Plast Espa\u00f1a si inserisce a diritto tra i principali punti di riferimento per i principali produttori nazionali, garantendo flessibilit\u00e0 produttiva per differenti esigenze e settori.<\/p>\n<p>[\/vc_column_text][vc_separator color=&#8221;black&#8221; css=&#8221;&#8221;][\/vc_column][\/vc_row][vc_row][vc_column][vc_column_text css=&#8221;&#8221;]<\/p>\n<h4><strong>FANTI USA, Inc.<\/strong><\/h4>\n<p style=\"margin: 0cm; font-size: 16px;\"><b>Fanti USA<\/b>\u00a0nasce in\u00a0<b>West Virginia<\/b>\u00a0dalla visione imprenditoriale lungimirante della bolognese Fanti Packaging per servire il mercato americano. Lo stabilimento di 10.000 mq, di cui 9.000 dedicati alla produzione di\u00a0<b>barattoli in metallo General Line<\/b>, porta oltreoceano 75 anni di know-how. Con 11 dipendenti diretti e 3 outsourced, Fanti USA punta su\u00a0<b>qualit\u00e0<\/b>,\u00a0<b>efficienza<\/b>\u00a0e un\u00a0<b>customer care personalizzato<\/b>. Un investimento di\u00a0<b>oltre 800 mila dollari per la creazione di un impianto fotovoltaico<\/b>\u00a0conferma l\u2019impegno di Fanti Packaging per la sostenibilit\u00e0.<\/p>\n<p>[\/vc_column_text][vc_separator color=&#8221;black&#8221; css=&#8221;&#8221;][\/vc_column][\/vc_row]<\/p>\n<\/div>","protected":false},"excerpt":{"rendered":"<p>[vc_row full_width=&#8221;stretch_row_content&#8221; el_class=&#8221;topimage&#8221; css=&#8221;.vc_custom_1745328223893{background-image: url(https:\/\/fantiusa.hypefarm-test.it\/wp-content\/uploads\/2025\/04\/Fanti-global-presence.jpg?id=6509) !important;}&#8221;][vc_column][vc_empty_space][\/vc_column][\/vc_row][vc_row css=&#8221;.vc_custom_1745224600624{padding-top: 40px !important;padding-bottom: 40px !important;}&#8221;][vc_column][vc_column_text css=&#8221;.vc_custom_1745328019120{margin-bottom: 15px !important;}&#8221;] LA NOSTRA PRESENZA GLOBALE [\/vc_column_text][vc_separator color=&#8221;custom&#8221; border_width=&#8221;10&#8243; el_width=&#8221;40&#8243; css=&#8221;.vc_custom_1745324909783{margin-bottom: 50px !important;}&#8221; accent_color=&#8221;#0E7A3F&#8221;][vc_column_text css=&#8221;.vc_custom_1745328030257{padding-top: 40px !important;padding-bottom: 40px !important;}&#8221;] La presenza globale di Fanti Packaging \u00e8 il risultato di un impegno costante nel portare le nostre soluzioni di imballaggio nel mondo. Con 10<\/p>\n","protected":false},"author":1,"featured_media":0,"parent":0,"menu_order":0,"comment_status":"closed","ping_status":"closed","template":"","meta":{"cybocfi_hide_featured_image":"","footnotes":""},"categories":[],"tags":[],"class_list":["post-6503","page","type-page","status-publish","hentry","description-off"],"_links":{"self":[{"href":"https:\/\/fantiusa.hypefarm-test.it\/it\/wp-json\/wp\/v2\/pages\/6503","targetHints":{"allow":["GET"]}}],"collection":[{"href":"https:\/\/fantiusa.hypefarm-test.it\/it\/wp-json\/wp\/v2\/pages"}],"about":[{"href":"https:\/\/fantiusa.hypefarm-test.it\/it\/wp-json\/wp\/v2\/types\/page"}],"author":[{"embeddable":true,"href":"https:\/\/fantiusa.hypefarm-test.it\/it\/wp-json\/wp\/v2\/users\/1"}],"replies":[{"embeddable":true,"href":"https:\/\/fantiusa.hypefarm-test.it\/it\/wp-json\/wp\/v2\/comments?post=6503"}],"version-history":[{"count":14,"href":"https:\/\/fantiusa.hypefarm-test.it\/it\/wp-json\/wp\/v2\/pages\/6503\/revisions"}],"predecessor-version":[{"id":7561,"href":"https:\/\/fantiusa.hypefarm-test.it\/it\/wp-json\/wp\/v2\/pages\/6503\/revisions\/7561"}],"wp:attachment":[{"href":"https:\/\/fantiusa.hypefarm-test.it\/it\/wp-json\/wp\/v2\/media?parent=6503"}],"wp:term":[{"taxonomy":"category","embeddable":true,"href":"https:\/\/fantiusa.hypefarm-test.it\/it\/wp-json\/wp\/v2\/categories?post=6503"},{"taxonomy":"post_tag","embeddable":true,"href":"https:\/\/fantiusa.hypefarm-test.it\/it\/wp-json\/wp\/v2\/tags?post=6503"}],"curies":[{"name":"wp","href":"https:\/\/api.w.org\/{rel}","templated":true}]}}