{"id":7154,"date":"2025-04-16T14:49:41","date_gmt":"2025-04-16T12:49:41","guid":{"rendered":"https:\/\/fantiusa.hypefarm-test.it\/fanti-packaging\/"},"modified":"2025-05-14T13:11:43","modified_gmt":"2025-05-14T11:11:43","slug":"fanti-packaging","status":"publish","type":"page","link":"https:\/\/fantiusa.hypefarm-test.it\/fr\/","title":{"rendered":"Fanti Packaging"},"content":{"rendered":"<div class=\"wpb-content-wrapper\"><p>[vc_row][vc_column]\n\t\t\t<!-- START Slider 1 REVOLUTION SLIDER 6.7.31 --><p class=\"rs-p-wp-fix\"><\/p>\n\t\t\t<rs-module-wrap id=\"rev_slider_2_1_wrapper\" data-source=\"gallery\" style=\"visibility:hidden;background:transparent;padding:0;margin:0px auto;margin-top:0;margin-bottom:0;\">\n\t\t\t\t<rs-module id=\"rev_slider_2_1\" style=\"\" data-version=\"6.7.31\">\n\t\t\t\t\t<rs-slides style=\"overflow: hidden; position: absolute;\">\n\t\t\t\t\t\t<rs-slide style=\"position: absolute;\" data-key=\"rs-25\" data-title=\"Slide\" data-thumb=\"\/\/fantiusa.hypefarm-test.it\/wp-content\/uploads\/2025\/04\/sl01-50x100.jpg\" data-in=\"o:0;\" data-out=\"a:false;\">\n\t\t\t\t\t\t\t<img decoding=\"async\" src=\"\/\/fantiusa.hypefarm-test.it\/wp-content\/plugins\/revslider\/sr6\/assets\/assets\/dummy.png\" alt=\"\" title=\"sl01\" width=\"2000\" height=\"980\" class=\"rev-slidebg tp-rs-img rs-lazyload\" data-lazyload=\"\/\/fantiusa.hypefarm-test.it\/wp-content\/uploads\/2025\/04\/sl01.jpg\" data-no-retina>\n<!--\n\t\t\t\t\t\t\t--><rs-layer\n\t\t\t\t\t\t\t\tid=\"slider-2-slide-25-layer-24\" \n\t\t\t\t\t\t\t\tdata-type=\"text\"\n\t\t\t\t\t\t\t\tdata-rsp_ch=\"on\"\n\t\t\t\t\t\t\t\tdata-xy=\"x:l,l,c,c;xo:22px,22px,0,0;yo:244px,244px,204px,99px;\"\n\t\t\t\t\t\t\t\tdata-text=\"w:normal;s:63,63,76,65;l:68,68,84,70;fw:500;\"\n\t\t\t\t\t\t\t\tdata-dim=\"w:auto,auto,auto,391px;h:auto,auto,auto,268px;\"\n\t\t\t\t\t\t\t\tdata-frame_0=\"y:50,50,60px,36px;\"\n\t\t\t\t\t\t\t\tdata-frame_1=\"st:170;sp:1000;sR:170;\"\n\t\t\t\t\t\t\t\tdata-frame_999=\"o:0;st:w;sR:3830;\"\n\t\t\t\t\t\t\t\tstyle=\"z-index:5;font-family:'Barlow';\"\n\t\t\t\t\t\t\t><span style=\"color:#0e7a3f\">FAMILY <\/span>SOUL<br \/>\nGLOBAL <span style=\"color:#0e7a3f\">VISION<\/span><br \/>\n \n\t\t\t\t\t\t\t<\/rs-layer><!--\n\n\t\t\t\t\t\t\t--><rs-layer\n\t\t\t\t\t\t\t\tid=\"slider-2-slide-25-layer-25\" \n\t\t\t\t\t\t\t\tdata-type=\"text\"\n\t\t\t\t\t\t\t\tdata-rsp_ch=\"on\"\n\t\t\t\t\t\t\t\tdata-xy=\"xo:30px,30px,141px,53px;yo:422px,422px,398px,332px;\"\n\t\t\t\t\t\t\t\tdata-text=\"w:normal;s:26,26,39,24;l:33,33,48,22;\"\n\t\t\t\t\t\t\t\tdata-dim=\"w:auto,auto,auto,302px;\"\n\t\t\t\t\t\t\t\tdata-frame_0=\"y:50,50,57px,35px;\"\n\t\t\t\t\t\t\t\tdata-frame_1=\"st:300;sp:1000;sR:300;\"\n\t\t\t\t\t\t\t\tdata-frame_999=\"o:0;st:w;sR:3700;\"\n\t\t\t\t\t\t\t\tstyle=\"z-index:6;font-family:'Roboto';\"\n\t\t\t\t\t\t\t>1\/4<br \/>\n \n\t\t\t\t\t\t\t<\/rs-layer><!--\n\n\t\t\t\t\t\t\t--><a\n\t\t\t\t\t\t\t\tid=\"slider-2-slide-25-layer-26\" \n\t\t\t\t\t\t\t\tclass=\"rs-layer rev-btn\"\n\t\t\t\t\t\t\t\thref=\"\/fr\/company\/\" target=\"_self\"\n\t\t\t\t\t\t\t\tdata-type=\"button\"\n\t\t\t\t\t\t\t\tdata-rsp_ch=\"on\"\n\t\t\t\t\t\t\t\tdata-xy=\"x:l,l,c,c;xo:27px,27px,0,-1px;yo:496px,496px,804px,625px;\"\n\t\t\t\t\t\t\t\tdata-text=\"w:normal;s:18,18,23,19;l:50,50,64,55;fw:500;a:left,left,left,center;\"\n\t\t\t\t\t\t\t\tdata-dim=\"w:auto,auto,auto,190px;minh:0px,0px,none,none;\"\n\t\t\t\t\t\t\t\tdata-padding=\"r:30,30,23,19;l:30,30,23,19;\"\n\t\t\t\t\t\t\t\tdata-frame_0=\"y:50,50,38px,31px;\"\n\t\t\t\t\t\t\t\tdata-frame_1=\"st:470;sp:1000;sR:470;\"\n\t\t\t\t\t\t\t\tdata-frame_999=\"o:0;st:w;sR:3530;\"\n\t\t\t\t\t\t\t\tdata-frame_hover=\"c:#383838;bgc:#fff;bor:0px,0px,0px,0px;sp:100;e:power1.inOut;bri:120%;\"\n\t\t\t\t\t\t\t\tstyle=\"z-index:7;background-color:#0e7a3f;font-family:'Roboto';\"\n\t\t\t\t\t\t\t>En savoir plus \n\t\t\t\t\t\t\t<\/a><!--\n-->\t\t\t\t\t<\/rs-slide>\n\t\t\t\t\t\t<rs-slide style=\"position: absolute;\" data-key=\"rs-26\" data-title=\"Slide\" data-thumb=\"\/\/fantiusa.hypefarm-test.it\/wp-content\/uploads\/2025\/04\/sl02-50x100.jpg\" data-in=\"o:0;\" data-out=\"a:false;\">\n\t\t\t\t\t\t\t<img decoding=\"async\" src=\"\/\/fantiusa.hypefarm-test.it\/wp-content\/plugins\/revslider\/sr6\/assets\/assets\/dummy.png\" alt=\"\" title=\"sl02\" width=\"2000\" height=\"980\" class=\"rev-slidebg tp-rs-img rs-lazyload\" data-lazyload=\"\/\/fantiusa.hypefarm-test.it\/wp-content\/uploads\/2025\/04\/sl02.jpg\" data-no-retina>\n<!--\n\t\t\t\t\t\t\t--><rs-layer\n\t\t\t\t\t\t\t\tid=\"slider-2-slide-26-layer-27\" \n\t\t\t\t\t\t\t\tdata-type=\"text\"\n\t\t\t\t\t\t\t\tdata-tsh=\"c:#2d2d2d;\"\n\t\t\t\t\t\t\t\tdata-rsp_ch=\"on\"\n\t\t\t\t\t\t\t\tdata-xy=\"x:l,l,c,c;xo:27px,27px,39px,0;yo:212px,212px,63px,99px;\"\n\t\t\t\t\t\t\t\tdata-text=\"w:normal;s:53,53,70,50;l:57,57,74,52;fw:500;\"\n\t\t\t\t\t\t\t\tdata-dim=\"w:auto,auto,auto,422px;h:auto,auto,auto,312px;\"\n\t\t\t\t\t\t\t\tdata-frame_0=\"y:50,50,64px,39px;\"\n\t\t\t\t\t\t\t\tdata-frame_1=\"st:260;sp:1000;sR:260;\"\n\t\t\t\t\t\t\t\tdata-frame_999=\"o:0;st:w;sR:3740;\"\n\t\t\t\t\t\t\t\tstyle=\"z-index:5;font-family:'Barlow';\"\n\t\t\t\t\t\t\t>Votre vision,<br \/>\nnotre engagement:<br \/>\nnous <span style=\"color:#0e7a3f\">concevons  <\/span><br \/>\npour vous. \n\t\t\t\t\t\t\t<\/rs-layer><!--\n\n\t\t\t\t\t\t\t--><rs-layer\n\t\t\t\t\t\t\t\tid=\"slider-2-slide-26-layer-28\" \n\t\t\t\t\t\t\t\tdata-type=\"text\"\n\t\t\t\t\t\t\t\tdata-tsh=\"c:#2d2d2d;\"\n\t\t\t\t\t\t\t\tdata-rsp_ch=\"on\"\n\t\t\t\t\t\t\t\tdata-xy=\"xo:30px,30px,137px,32px;yo:422px,422px,312px,330px;\"\n\t\t\t\t\t\t\t\tdata-text=\"w:normal;s:26,26,39,24;l:33,33,48,22;\"\n\t\t\t\t\t\t\t\tdata-dim=\"w:auto,auto,auto,302px;\"\n\t\t\t\t\t\t\t\tdata-frame_0=\"y:50,50,26,16;\"\n\t\t\t\t\t\t\t\tdata-frame_1=\"st:500;sp:1000;sR:500;\"\n\t\t\t\t\t\t\t\tdata-frame_999=\"o:0;st:w;sR:3500;\"\n\t\t\t\t\t\t\t\tstyle=\"z-index:6;font-family:'Roboto';\"\n\t\t\t\t\t\t\t>2\/4<br \/>\n \n\t\t\t\t\t\t\t<\/rs-layer><!--\n\n\t\t\t\t\t\t\t--><a\n\t\t\t\t\t\t\t\tid=\"slider-2-slide-26-layer-29\" \n\t\t\t\t\t\t\t\tclass=\"rs-layer rev-btn\"\n\t\t\t\t\t\t\t\thref=\"\/fr\/company\/\" target=\"_self\"\n\t\t\t\t\t\t\t\tdata-type=\"button\"\n\t\t\t\t\t\t\t\tdata-rsp_ch=\"on\"\n\t\t\t\t\t\t\t\tdata-xy=\"x:l,l,c,c;xo:31px,31px,0,0;yo:496px,496px,804px,625px;\"\n\t\t\t\t\t\t\t\tdata-text=\"w:normal;s:18,18,23,19;l:50,50,64,55;fw:500;a:left,left,left,center;\"\n\t\t\t\t\t\t\t\tdata-dim=\"w:auto,auto,auto,190px;minh:0px,0px,none,none;\"\n\t\t\t\t\t\t\t\tdata-padding=\"r:30,30,16,13;l:30,30,16,13;\"\n\t\t\t\t\t\t\t\tdata-frame_0=\"y:50,50,26,21px;\"\n\t\t\t\t\t\t\t\tdata-frame_1=\"st:700;sp:1000;sR:700;\"\n\t\t\t\t\t\t\t\tdata-frame_999=\"o:0;st:w;sR:3300;\"\n\t\t\t\t\t\t\t\tdata-frame_hover=\"c:#383838;bgc:#fff;bor:0px,0px,0px,0px;sp:100;e:power1.inOut;bri:120%;\"\n\t\t\t\t\t\t\t\tstyle=\"z-index:7;background-color:#0e7a3f;font-family:'Roboto';\"\n\t\t\t\t\t\t\t>En savoir plus \n\t\t\t\t\t\t\t<\/a><!--\n-->\t\t\t\t\t<\/rs-slide>\n\t\t\t\t\t\t<rs-slide style=\"position: absolute;\" data-key=\"rs-27\" data-title=\"Slide\" data-thumb=\"\/\/fantiusa.hypefarm-test.it\/wp-content\/uploads\/2025\/04\/sl03-50x100.jpg\" data-in=\"o:0;\" data-out=\"a:false;\">\n\t\t\t\t\t\t\t<img decoding=\"async\" src=\"\/\/fantiusa.hypefarm-test.it\/wp-content\/plugins\/revslider\/sr6\/assets\/assets\/dummy.png\" alt=\"\" title=\"sl03\" width=\"2000\" height=\"980\" class=\"rev-slidebg tp-rs-img rs-lazyload\" data-lazyload=\"\/\/fantiusa.hypefarm-test.it\/wp-content\/uploads\/2025\/04\/sl03.jpg\" data-no-retina>\n<!--\n\t\t\t\t\t\t\t--><rs-layer\n\t\t\t\t\t\t\t\tid=\"slider-2-slide-27-layer-30\" \n\t\t\t\t\t\t\t\tdata-type=\"text\"\n\t\t\t\t\t\t\t\tdata-tsh=\"c:#2d2d2d;\"\n\t\t\t\t\t\t\t\tdata-rsp_ch=\"on\"\n\t\t\t\t\t\t\t\tdata-xy=\"x:l,l,c,c;xo:987px,987px,22px,0;yo:212px,212px,93px,99px;\"\n\t\t\t\t\t\t\t\tdata-text=\"w:normal;s:53,53,70,50;l:57,57,74,52;fw:500;a:right;\"\n\t\t\t\t\t\t\t\tdata-dim=\"w:auto,auto,auto,325px;h:auto,auto,auto,312px;\"\n\t\t\t\t\t\t\t\tdata-frame_0=\"y:50,50,26,16;\"\n\t\t\t\t\t\t\t\tdata-frame_1=\"st:180;sp:1000;sR:180;\"\n\t\t\t\t\t\t\t\tdata-frame_999=\"o:0;st:w;sR:3820;\"\n\t\t\t\t\t\t\t\tstyle=\"z-index:5;font-family:'Barlow';\"\n\t\t\t\t\t\t\t>Votre vision,<br \/>\nnotre engagement:<br \/>\nnous <span style=\"color:#0e7a3f\">innovons <\/span>pour vous.<br \/>\n \n\t\t\t\t\t\t\t<\/rs-layer><!--\n\n\t\t\t\t\t\t\t--><rs-layer\n\t\t\t\t\t\t\t\tid=\"slider-2-slide-27-layer-31\" \n\t\t\t\t\t\t\t\tdata-type=\"text\"\n\t\t\t\t\t\t\t\tdata-tsh=\"c:#2d2d2d;\"\n\t\t\t\t\t\t\t\tdata-rsp_ch=\"on\"\n\t\t\t\t\t\t\t\tdata-xy=\"xo:1360px,1360px,624px,352px;yo:422px,422px,330px,379px;\"\n\t\t\t\t\t\t\t\tdata-text=\"w:normal;s:26,26,39,24;l:33,33,48,22;\"\n\t\t\t\t\t\t\t\tdata-dim=\"w:auto,auto,auto,43px;\"\n\t\t\t\t\t\t\t\tdata-frame_0=\"y:50,50,26,16;\"\n\t\t\t\t\t\t\t\tdata-frame_1=\"st:320;sp:1000;sR:320;\"\n\t\t\t\t\t\t\t\tdata-frame_999=\"o:0;st:w;sR:3680;\"\n\t\t\t\t\t\t\t\tstyle=\"z-index:6;font-family:'Roboto';\"\n\t\t\t\t\t\t\t>3\/4<br \/>\n \n\t\t\t\t\t\t\t<\/rs-layer><!--\n\n\t\t\t\t\t\t\t--><a\n\t\t\t\t\t\t\t\tid=\"slider-2-slide-27-layer-32\" \n\t\t\t\t\t\t\t\tclass=\"rs-layer rev-btn\"\n\t\t\t\t\t\t\t\thref=\"\/fr\/les-produits-et-les-services\/\" target=\"_self\"\n\t\t\t\t\t\t\t\tdata-type=\"button\"\n\t\t\t\t\t\t\t\tdata-rsp_ch=\"on\"\n\t\t\t\t\t\t\t\tdata-xy=\"x:l,l,c,c;xo:1241px,1241px,0,0;yo:496px,496px,804px,625px;\"\n\t\t\t\t\t\t\t\tdata-text=\"w:normal;s:18,18,23,19;l:50,50,64,55;fw:500;a:left,left,left,center;\"\n\t\t\t\t\t\t\t\tdata-dim=\"w:auto,auto,auto,190px;minh:0px,0px,none,none;\"\n\t\t\t\t\t\t\t\tdata-padding=\"r:30,30,16,13;l:30,30,16,13;\"\n\t\t\t\t\t\t\t\tdata-frame_0=\"y:50,50,26,16;\"\n\t\t\t\t\t\t\t\tdata-frame_1=\"st:520;sp:1000;sR:520;\"\n\t\t\t\t\t\t\t\tdata-frame_999=\"o:0;st:w;sR:3480;\"\n\t\t\t\t\t\t\t\tdata-frame_hover=\"c:#383838;bgc:#fff;bor:0px,0px,0px,0px;sp:100;e:power1.inOut;bri:120%;\"\n\t\t\t\t\t\t\t\tstyle=\"z-index:7;background-color:#0e7a3f;font-family:'Roboto';\"\n\t\t\t\t\t\t\t>En savoir plus \n\t\t\t\t\t\t\t<\/a><!--\n-->\t\t\t\t\t<\/rs-slide>\n\t\t\t\t\t\t<rs-slide style=\"position: absolute;\" data-key=\"rs-28\" data-title=\"Slide\" data-thumb=\"\/\/fantiusa.hypefarm-test.it\/wp-content\/uploads\/2025\/04\/sl04b-50x100.jpg\" data-in=\"o:0;\" data-out=\"a:false;\">\n\t\t\t\t\t\t\t<img decoding=\"async\" src=\"\/\/fantiusa.hypefarm-test.it\/wp-content\/plugins\/revslider\/sr6\/assets\/assets\/dummy.png\" alt=\"\" title=\"sl04b\" width=\"2000\" height=\"980\" class=\"rev-slidebg tp-rs-img rs-lazyload\" data-lazyload=\"\/\/fantiusa.hypefarm-test.it\/wp-content\/uploads\/2025\/04\/sl04b.jpg\" data-no-retina>\n<!--\n\t\t\t\t\t\t\t--><rs-layer\n\t\t\t\t\t\t\t\tid=\"slider-2-slide-28-layer-0\" \n\t\t\t\t\t\t\t\tdata-type=\"text\"\n\t\t\t\t\t\t\t\tdata-tsh=\"c:#2d2d2d;\"\n\t\t\t\t\t\t\t\tdata-rsp_ch=\"on\"\n\t\t\t\t\t\t\t\tdata-xy=\"x:l,l,c,c;xo:27px,27px,0,-20px;yo:212px,212px,124px,189px;\"\n\t\t\t\t\t\t\t\tdata-text=\"w:normal;s:53,53,28,42;l:57,57,30,46;fw:500;\"\n\t\t\t\t\t\t\t\tdata-dim=\"w:auto,auto,auto,331px;h:auto,auto,auto,276px;\"\n\t\t\t\t\t\t\t\tdata-frame_0=\"y:50,50,26,16;\"\n\t\t\t\t\t\t\t\tdata-frame_1=\"st:190;sp:1000;sR:190;\"\n\t\t\t\t\t\t\t\tdata-frame_999=\"o:0;st:w;sR:3810;\"\n\t\t\t\t\t\t\t\tstyle=\"z-index:5;font-family:'Barlow';\"\n\t\t\t\t\t\t\t>Votre vision,<br \/>\nnotre engagement:<br \/>\nnous <span style=\"color:#0e7a3f\">produisons<\/span> pour vous.<br \/>\n \n\t\t\t\t\t\t\t<\/rs-layer><!--\n\n\t\t\t\t\t\t\t--><rs-layer\n\t\t\t\t\t\t\t\tid=\"slider-2-slide-28-layer-34\" \n\t\t\t\t\t\t\t\tdata-type=\"text\"\n\t\t\t\t\t\t\t\tdata-tsh=\"c:#2d2d2d;\"\n\t\t\t\t\t\t\t\tdata-rsp_ch=\"on\"\n\t\t\t\t\t\t\t\tdata-xy=\"xo:30px,30px,137px,56px;yo:422px,422px,312px,440px;\"\n\t\t\t\t\t\t\t\tdata-text=\"w:normal;s:26,26,39,24;l:33,33,48,22;\"\n\t\t\t\t\t\t\t\tdata-dim=\"w:auto,auto,auto,302px;\"\n\t\t\t\t\t\t\t\tdata-frame_0=\"y:50,50,26,16;\"\n\t\t\t\t\t\t\t\tdata-frame_1=\"st:500;sp:1000;sR:500;\"\n\t\t\t\t\t\t\t\tdata-frame_999=\"o:0;st:w;sR:3500;\"\n\t\t\t\t\t\t\t\tstyle=\"z-index:6;font-family:'Roboto';\"\n\t\t\t\t\t\t\t>4\/4<br \/>\n \n\t\t\t\t\t\t\t<\/rs-layer><!--\n\n\t\t\t\t\t\t\t--><a\n\t\t\t\t\t\t\t\tid=\"slider-2-slide-28-layer-35\" \n\t\t\t\t\t\t\t\tclass=\"rs-layer rev-btn\"\n\t\t\t\t\t\t\t\thref=\"\/fr\/engagement\/\" target=\"_self\"\n\t\t\t\t\t\t\t\tdata-type=\"button\"\n\t\t\t\t\t\t\t\tdata-rsp_ch=\"on\"\n\t\t\t\t\t\t\t\tdata-xy=\"x:l,l,c,c;xo:31px,31px,0,0;yo:496px,496px,804px,625px;\"\n\t\t\t\t\t\t\t\tdata-text=\"w:normal;s:18,18,23,19;l:50,50,64,55;fw:500;a:left,left,left,center;\"\n\t\t\t\t\t\t\t\tdata-dim=\"w:auto,auto,auto,190px;minh:0px,0px,none,none;\"\n\t\t\t\t\t\t\t\tdata-padding=\"r:30,30,16,13;l:30,30,16,13;\"\n\t\t\t\t\t\t\t\tdata-frame_0=\"y:50,50,26,21px;\"\n\t\t\t\t\t\t\t\tdata-frame_1=\"st:700;sp:1000;sR:700;\"\n\t\t\t\t\t\t\t\tdata-frame_999=\"o:0;st:w;sR:3300;\"\n\t\t\t\t\t\t\t\tdata-frame_hover=\"c:#383838;bgc:#fff;bor:0px,0px,0px,0px;sp:100;e:power1.inOut;bri:120%;\"\n\t\t\t\t\t\t\t\tstyle=\"z-index:7;background-color:#0e7a3f;font-family:'Roboto';\"\n\t\t\t\t\t\t\t>En savoir plus \n\t\t\t\t\t\t\t<\/a><!--\n-->\t\t\t\t\t<\/rs-slide>\n\t\t\t\t\t<\/rs-slides>\n\t\t\t\t<\/rs-module>\n\t\t\t\t<script>\n\t\t\t\t\tsetREVStartSize({c: 'rev_slider_2_1',rl:[1240,1240,778,480],el:[750,750,960,720],gw:[1440,1440,778,480],gh:[750,750,960,720],type:'standard',justify:'',layout:'fullwidth',mh:\"0\"});if (window.RS_MODULES!==undefined && window.RS_MODULES.modules!==undefined && window.RS_MODULES.modules[\"revslider21\"]!==undefined) {window.RS_MODULES.modules[\"revslider21\"].once = false;window.revapi2 = undefined;if (window.RS_MODULES.checkMinimal!==undefined) window.RS_MODULES.checkMinimal()}\n\t\t\t\t<\/script>\n\t\t\t<\/rs-module-wrap>\n\t\t\t<!-- END REVOLUTION SLIDER -->\n[\/vc_column][\/vc_row][vc_row full_width=\u00a0\u00bbstretch_row_content_no_spaces\u00a0\u00bb gap=\u00a0\u00bb30&Prime; css=\u00a0\u00bb.vc_custom_1744809923388{padding-top: 70px !important;padding-bottom: 70px !important;}\u00a0\u00bb][vc_column width=\u00a0\u00bb1\/12&Prime;][\/vc_column][vc_column width=\u00a0\u00bb5\/12&Prime;][vc_column_text css=\u00a0\u00bb.vc_custom_1747220877335{margin-bottom: 15px !important;}\u00a0\u00bb]<\/p>\n<h1><img loading=\"lazy\" decoding=\"async\" class=\"alignleft wp-image-6397\" src=\"\/wp-content\/uploads\/2025\/04\/ic01.png\" alt=\"\" width=\"80\" height=\"70\" \/><\/h1>\n<h1>QUI SOMMES-NOUS<\/h1>\n<p>[\/vc_column_text][vc_separator color=\u00a0\u00bbcustom\u00a0\u00bb border_width=\u00a0\u00bb10&Prime; css=\u00a0\u00bb.vc_custom_1744808664790{margin-bottom: 50px !important;}\u00a0\u00bb accent_color=\u00a0\u00bb#0E7A3F\u00a0\u00bb][vc_column_text css=\u00a0\u00bb.vc_custom_1747220893241{padding-top: 40px !important;padding-bottom: 40px !important;}\u00a0\u00bb]Fanti USA est le fruit de la <strong>strat\u00e9gie entrepreneuriale d&rsquo;internationalisation et d&rsquo;expansion<\/strong> de Fanti Packaging, une entreprise bas\u00e9e \u00e0 Casalecchio di Reno (Bologne, Italie) qui, depuis plus de 70 ans, est un leader mondial dans le <strong>secteur de l&#8217;emballage primaire pour les peintures et les produits chimiques<\/strong>.<br \/>\nN\u00e9e en 2024 \u00e0 Weirton, en Virginie-Occidentale, Fanti USA a pour objectif de servir le <strong>march\u00e9 am\u00e9ricain<\/strong> et les principales entreprises du secteur du <strong>North East<\/strong> et du <strong>Midwest<\/strong> am\u00e9ricain gr\u00e2ce \u00e0 une<strong> gamme polyvalente et de haute qualit\u00e9 de pots, de seaux et de f\u00fbts en m\u00e9tal<\/strong>.[\/vc_column_text]<style type=\"text\/css\" data-type=\"the7_shortcodes-inline-css\">#default-btn-26be7f6dc2e6e44b8b993292ec98fd9f.ico-right-side > i {\n  margin-right: 0px;\n  margin-left: 8px;\n}\n#default-btn-26be7f6dc2e6e44b8b993292ec98fd9f > i {\n  margin-right: 8px;\n}\n<\/style><a href=\"\/fr\/qui-sommes-nous\/\" class=\"default-btn-shortcode dt-btn dt-btn-l link-hover-off btn-inline-left \" id=\"default-btn-26be7f6dc2e6e44b8b993292ec98fd9f\" title=\"Qui Sommes-Nous\"><span>En savoir plus<\/span><\/a>[\/vc_column][vc_column width=\u00a0\u00bb1\/2&Prime; css=\u00a0\u00bb.vc_custom_1745219091840{padding-left: 0px !important;}\u00a0\u00bb el_class=\u00a0\u00bbcolumnroundssx\u00a0\u00bb][vc_single_image image=\u00a0\u00bb8103&Prime; img_size=\u00a0\u00bbfull\u00a0\u00bb alignment=\u00a0\u00bbcenter\u00a0\u00bb style=\u00a0\u00bbvc_box_rounded\u00a0\u00bb css=\u00a0\u00bb.vc_custom_1747219707525{border-radius: 35px !important;}\u00a0\u00bb image_hovers=\u00a0\u00bbfalse\u00a0\u00bb el_class=\u00a0\u00bbroundsx\u00a0\u00bb][\/vc_column][\/vc_row][vc_row full_width=\u00a0\u00bbstretch_row_content_no_spaces\u00a0\u00bb gap=\u00a0\u00bb30&Prime; css=\u00a0\u00bb.vc_custom_1745222901372{padding-top: 70px !important;padding-bottom: 70px !important;}\u00a0\u00bb el_class=\u00a0\u00bbswap-on-mobile\u00a0\u00bb][vc_column width=\u00a0\u00bb1\/2&Prime; css=\u00a0\u00bb.vc_custom_1745219077547{padding-left: 0px !important;}\u00a0\u00bb el_class=\u00a0\u00bbcolumnroundsdx\u00a0\u00bb][vc_single_image image=\u00a0\u00bb6376&Prime; img_size=\u00a0\u00bbfull\u00a0\u00bb alignment=\u00a0\u00bbcenter\u00a0\u00bb style=\u00a0\u00bbvc_box_rounded\u00a0\u00bb css=\u00a0\u00bb.vc_custom_1747219729667{border-radius: 35px !important;}\u00a0\u00bb el_class=\u00a0\u00bbrounddx\u00a0\u00bb][\/vc_column][vc_column width=\u00a0\u00bb5\/12&Prime;][vc_column_text css=\u00a0\u00bb.vc_custom_1747221098368{margin-bottom: 15px !important;}\u00a0\u00bb]<\/p>\n<h1 style=\"text-align: right;\">PRODUITS ET SERVICES<img loading=\"lazy\" decoding=\"async\" class=\"alignright wp-image-6378\" src=\"\/wp-content\/uploads\/2025\/04\/pded.png\" alt=\"\" width=\"51\" height=\"860\" \/><\/h1>\n<p>[\/vc_column_text][vc_separator color=\u00a0\u00bbcustom\u00a0\u00bb border_width=\u00a0\u00bb10&Prime; css=\u00a0\u00bb.vc_custom_1744808664790{margin-bottom: 50px !important;}\u00a0\u00bb accent_color=\u00a0\u00bb#0E7A3F\u00a0\u00bb][vc_column_text css=\u00a0\u00bb.vc_custom_1747220951669{padding-top: 40px !important;padding-bottom: 40px !important;}\u00a0\u00bb]Les principaux moteurs du d\u00e9veloppement de Fanti USA sont la <strong>production<\/strong> et le <b>service.<br \/>\n<\/b>En nous appuyant sur les d\u00e9cennies d&rsquo;exp\u00e9rience et de succ\u00e8s de Fanti Packaging, nous voulons, avec Fanti USA, repr\u00e9senter l&rsquo;<strong>excellence dans la production de bo\u00eetes m\u00e9talliques<\/strong> pour le march\u00e9 am\u00e9ricain, en garantissant la <strong>fiabilit\u00e9<\/strong>, la <strong>solidit\u00e9<\/strong> et la <strong>s\u00e9curit\u00e9<\/strong> dont Fanti est l&#8217;embl\u00e8me.<br \/>\nLa <strong>diff\u00e9renciation<\/strong> <strong>essentielle<\/strong> se situe au niveau du <strong>service \u00e0 la client\u00e8le<\/strong>: l&rsquo;<strong>attention<\/strong>, la <strong>ponctualit\u00e9<\/strong>, la <strong>personnalisation<\/strong> sont les caract\u00e9ristiques qui distinguent notre service, confirmant la <strong>plus grande fiabilit\u00e9 dans les d\u00e9lais de prise en charge des commandes, de gestion et de livraison.<\/strong>[\/vc_column_text]<style type=\"text\/css\" data-type=\"the7_shortcodes-inline-css\">#default-btn-38fa998b1b301b5ec0e2c61714e0da39.ico-right-side > i {\n  margin-right: 0px;\n  margin-left: 8px;\n}\n#default-btn-38fa998b1b301b5ec0e2c61714e0da39 > i {\n  margin-right: 8px;\n}\n<\/style><a href=\"\/fr\/les-produits-et-les-services\/\" class=\"default-btn-shortcode dt-btn dt-btn-l link-hover-off btn-inline-right \" id=\"default-btn-38fa998b1b301b5ec0e2c61714e0da39\"><span>En savoir plus<\/span><\/a>[\/vc_column][vc_column width=\u00a0\u00bb1\/12&Prime;][\/vc_column][\/vc_row][vc_row full_width=\u00a0\u00bbstretch_row_content_no_spaces\u00a0\u00bb gap=\u00a0\u00bb30&Prime; css=\u00a0\u00bb.vc_custom_1744809923388{padding-top: 70px !important;padding-bottom: 70px !important;}\u00a0\u00bb][vc_column width=\u00a0\u00bb1\/12&Prime;][\/vc_column][vc_column width=\u00a0\u00bb5\/12&Prime;][vc_column_text css=\u00a0\u00bb.vc_custom_1747220994107{margin-bottom: 15px !important;}\u00a0\u00bb]<\/p>\n<h1><img loading=\"lazy\" decoding=\"async\" class=\"alignleft wp-image-6377\" src=\"\/wp-content\/uploads\/2025\/04\/04ic.png\" alt=\"\" width=\"64\" height=\"60\" \/><\/h1>\n<h1>L\u2019ENGAGEMENT<\/h1>\n<p>[\/vc_column_text][vc_separator color=\u00a0\u00bbcustom\u00a0\u00bb border_width=\u00a0\u00bb10&Prime; css=\u00a0\u00bb.vc_custom_1744808664790{margin-bottom: 50px !important;}\u00a0\u00bb accent_color=\u00a0\u00bb#0E7A3F\u00a0\u00bb][vc_column_text css=\u00a0\u00bb.vc_custom_1747221004283{padding-top: 40px !important;padding-bottom: 40px !important;}\u00a0\u00bb]Chez Fanti USA, nous investissons dans tout ce que nous faisons, en suivant la devise qui nous distingue, nous et l&rsquo;ensemble du groupe Fanti Packaging: \u00ab<strong>Family Soul, Global Vision<\/strong>\u00bb. C&rsquo;est pourquoi un <strong>engagement constant<\/strong>, des <strong>valeurs profond\u00e9ment ancr\u00e9es<\/strong> et une attention m\u00e9ticuleuse aux aspects li\u00e9s au <strong>respect de l&rsquo;environnement et des personnes <\/strong>font partie int\u00e9grante d&rsquo;une vision qui guide chaque \u00e9tape de notre d\u00e9veloppement.<br \/>\nLes tendances et les r\u00e9glementations de l&rsquo;industrie fixent des coordonn\u00e9es de d\u00e9veloppement sp\u00e9cifiques pour les bo\u00eetes m\u00e9talliques et nous les poursuivons en appliquant les <strong>crit\u00e8res d&rsquo;efficacit\u00e9 et de qualit\u00e9<\/strong> qui nous identifient dans le monde entier pour garantir des <strong>produits fiables, r\u00e9sistants et s\u00fbrs<\/strong>.<br \/>\nNous croyons aussi fermement \u00e0 la <strong>croissance durable<\/strong> et nous nous effor\u00e7ons donc activement d&rsquo;offrir \u00e0 notre \u00e9quipe un <strong>environnement sain et confortable<\/strong>, ainsi que de promouvoir la <strong>r\u00e9duction de l&rsquo;impact \u00e9cologique<\/strong> \u00e0 travers l&rsquo;utilisation d&rsquo;\u00e9nergies renouvelables et de technologies innovantes telles que les syst\u00e8mes photovolta\u00efques.[\/vc_column_text]<style type=\"text\/css\" data-type=\"the7_shortcodes-inline-css\">#default-btn-51c1bf4712c965111923ad420cb58ec9.ico-right-side > i {\n  margin-right: 0px;\n  margin-left: 8px;\n}\n#default-btn-51c1bf4712c965111923ad420cb58ec9 > i {\n  margin-right: 8px;\n}\n<\/style><a href=\"\/fr\/engagement\/\" class=\"default-btn-shortcode dt-btn dt-btn-l link-hover-off btn-inline-left \" id=\"default-btn-51c1bf4712c965111923ad420cb58ec9\" title=\"L\u2019Engagement\"><span>En savoir plus<\/span><\/a>[\/vc_column][vc_column width=\u00a0\u00bb1\/2&Prime; css=\u00a0\u00bb.vc_custom_1745219091840{padding-left: 0px !important;}\u00a0\u00bb el_class=\u00a0\u00bbcolumnroundssx\u00a0\u00bb][vc_single_image image=\u00a0\u00bb6380&Prime; img_size=\u00a0\u00bbfull\u00a0\u00bb alignment=\u00a0\u00bbcenter\u00a0\u00bb style=\u00a0\u00bbvc_box_rounded\u00a0\u00bb css=\u00a0\u00bb.vc_custom_1747219737221{border-radius: 35px !important;}\u00a0\u00bb image_hovers=\u00a0\u00bbfalse\u00a0\u00bb el_class=\u00a0\u00bbroundsx\u00a0\u00bb][\/vc_column][\/vc_row]<\/p>\n<\/div>","protected":false},"excerpt":{"rendered":"<p>[vc_row][vc_column][\/vc_column][\/vc_row][vc_row full_width=\u00a0\u00bbstretch_row_content_no_spaces\u00a0\u00bb gap=\u00a0\u00bb30&Prime; css=\u00a0\u00bb.vc_custom_1744809923388{padding-top: 70px !important;padding-bottom: 70px !important;}\u00a0\u00bb][vc_column width=\u00a0\u00bb1\/12&Prime;][\/vc_column][vc_column width=\u00a0\u00bb5\/12&Prime;][vc_column_text css=\u00a0\u00bb.vc_custom_1747220877335{margin-bottom: 15px !important;}\u00a0\u00bb] QUI SOMMES-NOUS [\/vc_column_text][vc_separator color=\u00a0\u00bbcustom\u00a0\u00bb border_width=\u00a0\u00bb10&Prime; css=\u00a0\u00bb.vc_custom_1744808664790{margin-bottom: 50px !important;}\u00a0\u00bb accent_color=\u00a0\u00bb#0E7A3F\u00a0\u00bb][vc_column_text css=\u00a0\u00bb.vc_custom_1747220893241{padding-top: 40px !important;padding-bottom: 40px !important;}\u00a0\u00bb]Fanti USA est le fruit de la strat\u00e9gie entrepreneuriale d&rsquo;internationalisation et d&rsquo;expansion de Fanti Packaging, une entreprise bas\u00e9e \u00e0 Casalecchio di Reno (Bologne, Italie) qui, depuis plus de 70<\/p>\n","protected":false},"author":1,"featured_media":0,"parent":0,"menu_order":0,"comment_status":"closed","ping_status":"closed","template":"","meta":{"cybocfi_hide_featured_image":"","footnotes":""},"categories":[],"tags":[],"class_list":["post-7154","page","type-page","status-publish","hentry","description-off"],"_links":{"self":[{"href":"https:\/\/fantiusa.hypefarm-test.it\/fr\/wp-json\/wp\/v2\/pages\/7154","targetHints":{"allow":["GET"]}}],"collection":[{"href":"https:\/\/fantiusa.hypefarm-test.it\/fr\/wp-json\/wp\/v2\/pages"}],"about":[{"href":"https:\/\/fantiusa.hypefarm-test.it\/fr\/wp-json\/wp\/v2\/types\/page"}],"author":[{"embeddable":true,"href":"https:\/\/fantiusa.hypefarm-test.it\/fr\/wp-json\/wp\/v2\/users\/1"}],"replies":[{"embeddable":true,"href":"https:\/\/fantiusa.hypefarm-test.it\/fr\/wp-json\/wp\/v2\/comments?post=7154"}],"version-history":[{"count":13,"href":"https:\/\/fantiusa.hypefarm-test.it\/fr\/wp-json\/wp\/v2\/pages\/7154\/revisions"}],"predecessor-version":[{"id":8118,"href":"https:\/\/fantiusa.hypefarm-test.it\/fr\/wp-json\/wp\/v2\/pages\/7154\/revisions\/8118"}],"wp:attachment":[{"href":"https:\/\/fantiusa.hypefarm-test.it\/fr\/wp-json\/wp\/v2\/media?parent=7154"}],"wp:term":[{"taxonomy":"category","embeddable":true,"href":"https:\/\/fantiusa.hypefarm-test.it\/fr\/wp-json\/wp\/v2\/categories?post=7154"},{"taxonomy":"post_tag","embeddable":true,"href":"https:\/\/fantiusa.hypefarm-test.it\/fr\/wp-json\/wp\/v2\/tags?post=7154"}],"curies":[{"name":"wp","href":"https:\/\/api.w.org\/{rel}","templated":true}]}}