{"id":6912,"date":"2025-04-23T12:20:09","date_gmt":"2025-04-23T10:20:09","guid":{"rendered":"https:\/\/fantiusa.hypefarm-test.it\/i-prodotti-e-i-servizi\/"},"modified":"2025-05-14T16:43:24","modified_gmt":"2025-05-14T14:43:24","slug":"los-productos-y-los-servicios","status":"publish","type":"page","link":"https:\/\/fantiusa.hypefarm-test.it\/es\/los-productos-y-los-servicios\/","title":{"rendered":"Los Productos y Los Servicios"},"content":{"rendered":"<div class=\"wpb-content-wrapper\"><p>[vc_row full_width=\u00bbstretch_row_content\u00bb el_class=\u00bbtopimage\u00bb css=\u00bb.vc_custom_1745403460396{background-image: url(https:\/\/fantiusa.hypefarm-test.it\/wp-content\/uploads\/2025\/04\/poli-scaled-1.jpg?id=6593) !important;}\u00bb][vc_column][vc_empty_space][\/vc_column][\/vc_row][vc_row css=\u00bb.vc_custom_1745224600624{padding-top: 40px !important;padding-bottom: 40px !important;}\u00bb][vc_column][vc_column_text css=\u00bb.vc_custom_1745507287603{margin-bottom: 15px !important;}\u00bb]<\/p>\n<h1><img loading=\"lazy\" decoding=\"async\" class=\"wp-image-6377 aligncenter\" src=\"\/wp-content\/uploads\/2025\/04\/pded.png\" alt=\"\" width=\"89\" height=\"88\" \/><\/h1>\n<h1 style=\"text-align: center;\">LOS PRODUCTOS Y LOS SERVICIOS<\/h1>\n<p>[\/vc_column_text][vc_separator color=\u00bbcustom\u00bb border_width=\u00bb10&#8243; el_width=\u00bb40&#8243; css=\u00bb.vc_custom_1745324909783{margin-bottom: 50px !important;}\u00bb accent_color=\u00bb#0E7A3F\u00bb][vc_column_text css=\u00bb.vc_custom_1747233796566{padding-top: 40px !important;padding-bottom: 40px !important;}\u00bb]<\/p>\n<div class=\"module_subrow themify_builder_sub_row tf_w col_align_top tb_col_count_1 tb_agzz204\">\n<div class=\"module_column sub_column col-full tb_zt5l054 first\">\n<div class=\"module module-text tb_udx5200\">\n<div class=\"tb_text_wrap\">\n<p>Los principales sectores sobre los cuales Fanti USA ha moldeado su desarrollo se refieren a la\u00a0<strong>producci\u00f3n<\/strong>\u00a0y al\u00a0<strong>servicio<\/strong>.<\/p>\n<p>Basada en la experiencia y \u00e9xito pluridecenal de Fanti Packaging, con Fanti USA deseamos representar\u00a0<strong>la excelencia en la producci\u00f3n de botes de metal<\/strong>\u00a0para el mercado estadounidense, garantizando la\u00a0<strong>fiabilidad<\/strong>, la\u00a0<strong>resistencia\u00a0<\/strong>y la\u00a0<strong>seguridad<\/strong>\u00a0de las cuales Fanti es emblema.<\/p>\n<p>Una\u00a0<strong>diferencia esencial<\/strong>\u00a0la proponemos en la\u00a0<strong>atenci\u00f3n al cliente<\/strong>:\u00a0<strong>esmero<\/strong>,\u00a0<strong>puntualidad<\/strong>,\u00a0<strong>personalizaci\u00f3n<\/strong>\u00a0son las caracter\u00edsticas que distinguen nuestro servicio, confirmando\u00a0<strong>m\u00e1xima confiabilidad en los tiempos de preparaci\u00f3n de los pedidos, de su gesti\u00f3n y entrega.<\/strong><\/p>\n<\/div>\n<\/div>\n<\/div>\n<\/div>\n<div class=\"module_subrow themify_builder_sub_row tf_w col_align_top tb_col_count_2 tb_pbj9642\">\n<div class=\"module_column sub_column col4-2 tb_9z2i245 first\">\n<div class=\"module module-text tb_vglo245\">\n<div class=\"tb_text_wrap\"><\/div>\n<\/div>\n<\/div>\n<\/div>\n<p>[\/vc_column_text][\/vc_column][\/vc_row][vc_row gap=\u00bb30&#8243; equal_height=\u00bbyes\u00bb][vc_column width=\u00bb1\/2&#8243;][vc_row_inner css=\u00bb.vc_custom_1745327414852{padding-right: 0px !important;padding-left: 0px !important;background-color: #FFFFFF !important;}\u00bb][vc_column_inner el_class=\u00bbroundcolumn\u00bb css=\u00bb.vc_custom_1745327405090{padding-top: 15px !important;padding-right: 0px !important;padding-left: 0px !important;}\u00bb][vc_column_text css=\u00bb.vc_custom_1746449721304{margin-bottom: 0px !important;margin-left: 30px !important;}\u00bb el_class=\u00bbluccichio\u00bb]<img loading=\"lazy\" decoding=\"async\" class=\"alignnone size-full wp-image-6589\" src=\"https:\/\/fantiusa.hypefarm-test.it\/wp-content\/uploads\/2025\/04\/imbal.jpg\" alt=\"\" width=\"92\" height=\"80\" \/>[\/vc_column_text][vc_separator color=\u00bbcustom\u00bb align=\u00bbalign_left\u00bb border_width=\u00bb10&#8243; el_width=\u00bb50&#8243; css=\u00bb.vc_custom_1745326039944{margin-bottom: 50px !important;}\u00bb accent_color=\u00bb#0E7A3F\u00bb][vc_column_text css=\u00bb\u00bb]<\/p>\n<h1 style=\"text-align: center; font-size: 40px; line-height: 42px;\">NUESTROS<br \/>\nENVASES<\/h1>\n<p>[\/vc_column_text][vc_single_image image=\u00bb6595&#8243; img_size=\u00bbfull\u00bb alignment=\u00bbcenter\u00bb onclick=\u00bbcustom_link\u00bb css=\u00bb.vc_custom_1745827410526{margin-bottom: 0px !important;}\u00bb link=\u00bb\/es\/nuestros-envases\/\u00bb]<style type=\"text\/css\" data-type=\"the7_shortcodes-inline-css\">#default-btn-fd5852dccd984ad016169e5464645ab9.ico-right-side > i {\n  margin-right: 0px;\n  margin-left: 8px;\n}\n#default-btn-fd5852dccd984ad016169e5464645ab9 > i {\n  margin-right: 8px;\n}\n<\/style><div class=\"btn-align-center\"><a href=\"\/es\/nuestros-envases\/\" class=\"default-btn-shortcode dt-btn dt-btn-l link-hover-off full-width-btn \" id=\"default-btn-fd5852dccd984ad016169e5464645ab9\" title=\"Nuestros Envases\"><span>Descubra m\u00e1s<\/span><\/a><\/div>[\/vc_column_inner][\/vc_row_inner][\/vc_column][vc_column width=\u00bb1\/2&#8243;][vc_row_inner css=\u00bb.vc_custom_1745327433532{background-color: #FFFFFF !important;}\u00bb][vc_column_inner el_class=\u00bbroundcolumn\u00bb css=\u00bb.vc_custom_1745327047313{padding-top: 15px !important;padding-right: 0px !important;padding-left: 0px !important;}\u00bb][vc_column_text css=\u00bb.vc_custom_1746449725825{margin-bottom: 0px !important;margin-left: 30px !important;}\u00bb el_class=\u00bbluccichio\u00bb]<img loading=\"lazy\" decoding=\"async\" class=\"alignnone size-full wp-image-6591\" src=\"https:\/\/fantiusa.hypefarm-test.it\/wp-content\/uploads\/2025\/04\/servizi.jpg\" alt=\"\" width=\"80\" height=\"80\" \/>[\/vc_column_text][vc_separator color=\u00bbcustom\u00bb align=\u00bbalign_left\u00bb border_width=\u00bb10&#8243; el_width=\u00bb50&#8243; css=\u00bb.vc_custom_1745326039944{margin-bottom: 50px !important;}\u00bb accent_color=\u00bb#0E7A3F\u00bb][vc_column_text css=\u00bb\u00bb]<\/p>\n<h1 style=\"text-align: center; font-size: 40px; line-height: 42px;\">NUESTROS<br \/>\nSERVICIOS<\/h1>\n<p>[\/vc_column_text][vc_single_image image=\u00bb6597&#8243; img_size=\u00bbfull\u00bb alignment=\u00bbcenter\u00bb onclick=\u00bbcustom_link\u00bb css=\u00bb.vc_custom_1745827426288{margin-bottom: 0px !important;}\u00bb link=\u00bb\/es\/nuestros-servicios\/\u00bb]<style type=\"text\/css\" data-type=\"the7_shortcodes-inline-css\">#default-btn-9da20b74ae6c5cd58a350da5bf125837.ico-right-side > i {\n  margin-right: 0px;\n  margin-left: 8px;\n}\n#default-btn-9da20b74ae6c5cd58a350da5bf125837 > i {\n  margin-right: 8px;\n}\n<\/style><div class=\"btn-align-center\"><a href=\"\/es\/nuestros-servicios\/\" class=\"default-btn-shortcode dt-btn dt-btn-l link-hover-off full-width-btn \" id=\"default-btn-9da20b74ae6c5cd58a350da5bf125837\" title=\"Nuestros Servicios\"><span>Descubra m\u00e1s<\/span><\/a><\/div>[\/vc_column_inner][\/vc_row_inner][\/vc_column][\/vc_row]<\/p>\n<\/div>","protected":false},"excerpt":{"rendered":"<p>[vc_row full_width=\u00bbstretch_row_content\u00bb el_class=\u00bbtopimage\u00bb css=\u00bb.vc_custom_1745403460396{background-image: url(https:\/\/fantiusa.hypefarm-test.it\/wp-content\/uploads\/2025\/04\/poli-scaled-1.jpg?id=6593) !important;}\u00bb][vc_column][vc_empty_space][\/vc_column][\/vc_row][vc_row css=\u00bb.vc_custom_1745224600624{padding-top: 40px !important;padding-bottom: 40px !important;}\u00bb][vc_column][vc_column_text css=\u00bb.vc_custom_1745507287603{margin-bottom: 15px !important;}\u00bb] LOS PRODUCTOS Y LOS SERVICIOS [\/vc_column_text][vc_separator color=\u00bbcustom\u00bb border_width=\u00bb10&#8243; el_width=\u00bb40&#8243; css=\u00bb.vc_custom_1745324909783{margin-bottom: 50px !important;}\u00bb accent_color=\u00bb#0E7A3F\u00bb][vc_column_text css=\u00bb.vc_custom_1747233796566{padding-top: 40px !important;padding-bottom: 40px !important;}\u00bb] Los principales sectores sobre los cuales Fanti USA ha moldeado su desarrollo se refieren a la\u00a0producci\u00f3n\u00a0y al\u00a0servicio. Basada en la experiencia y \u00e9xito<\/p>\n","protected":false},"author":1,"featured_media":0,"parent":0,"menu_order":0,"comment_status":"closed","ping_status":"closed","template":"","meta":{"cybocfi_hide_featured_image":"","footnotes":""},"categories":[],"tags":[],"class_list":["post-6912","page","type-page","status-publish","hentry","description-off"],"_links":{"self":[{"href":"https:\/\/fantiusa.hypefarm-test.it\/es\/wp-json\/wp\/v2\/pages\/6912","targetHints":{"allow":["GET"]}}],"collection":[{"href":"https:\/\/fantiusa.hypefarm-test.it\/es\/wp-json\/wp\/v2\/pages"}],"about":[{"href":"https:\/\/fantiusa.hypefarm-test.it\/es\/wp-json\/wp\/v2\/types\/page"}],"author":[{"embeddable":true,"href":"https:\/\/fantiusa.hypefarm-test.it\/es\/wp-json\/wp\/v2\/users\/1"}],"replies":[{"embeddable":true,"href":"https:\/\/fantiusa.hypefarm-test.it\/es\/wp-json\/wp\/v2\/comments?post=6912"}],"version-history":[{"count":7,"href":"https:\/\/fantiusa.hypefarm-test.it\/es\/wp-json\/wp\/v2\/pages\/6912\/revisions"}],"predecessor-version":[{"id":8184,"href":"https:\/\/fantiusa.hypefarm-test.it\/es\/wp-json\/wp\/v2\/pages\/6912\/revisions\/8184"}],"wp:attachment":[{"href":"https:\/\/fantiusa.hypefarm-test.it\/es\/wp-json\/wp\/v2\/media?parent=6912"}],"wp:term":[{"taxonomy":"category","embeddable":true,"href":"https:\/\/fantiusa.hypefarm-test.it\/es\/wp-json\/wp\/v2\/categories?post=6912"},{"taxonomy":"post_tag","embeddable":true,"href":"https:\/\/fantiusa.hypefarm-test.it\/es\/wp-json\/wp\/v2\/tags?post=6912"}],"curies":[{"name":"wp","href":"https:\/\/api.w.org\/{rel}","templated":true}]}}