{"id":6824,"date":"2025-04-16T14:49:41","date_gmt":"2025-04-16T12:49:41","guid":{"rendered":"https:\/\/fantiusa.hypefarm-test.it\/fanti-packaging\/"},"modified":"2025-05-14T13:20:58","modified_gmt":"2025-05-14T11:20:58","slug":"fanti-packaging","status":"publish","type":"page","link":"https:\/\/fantiusa.hypefarm-test.it\/es\/","title":{"rendered":"Fanti Packaging"},"content":{"rendered":"<div class=\"wpb-content-wrapper\"><p>[vc_row][vc_column]\n\t\t\t<!-- START Slider 1 REVOLUTION SLIDER 6.7.31 --><p class=\"rs-p-wp-fix\"><\/p>\n\t\t\t<rs-module-wrap id=\"rev_slider_2_1_wrapper\" data-source=\"gallery\" style=\"visibility:hidden;background:transparent;padding:0;margin:0px auto;margin-top:0;margin-bottom:0;\">\n\t\t\t\t<rs-module id=\"rev_slider_2_1\" style=\"\" data-version=\"6.7.31\">\n\t\t\t\t\t<rs-slides style=\"overflow: hidden; position: absolute;\">\n\t\t\t\t\t\t<rs-slide style=\"position: absolute;\" data-key=\"rs-21\" data-title=\"Slide\" data-thumb=\"\/\/fantiusa.hypefarm-test.it\/wp-content\/uploads\/2025\/04\/sl01-50x100.jpg\" data-in=\"o:0;\" data-out=\"a:false;\">\n\t\t\t\t\t\t\t<img decoding=\"async\" src=\"\/\/fantiusa.hypefarm-test.it\/wp-content\/plugins\/revslider\/sr6\/assets\/assets\/dummy.png\" alt=\"\" title=\"sl01\" width=\"2000\" height=\"980\" class=\"rev-slidebg tp-rs-img rs-lazyload\" data-lazyload=\"\/\/fantiusa.hypefarm-test.it\/wp-content\/uploads\/2025\/04\/sl01.jpg\" data-no-retina>\n<!--\n\t\t\t\t\t\t\t--><rs-layer\n\t\t\t\t\t\t\t\tid=\"slider-2-slide-21-layer-9\" \n\t\t\t\t\t\t\t\tdata-type=\"text\"\n\t\t\t\t\t\t\t\tdata-rsp_ch=\"on\"\n\t\t\t\t\t\t\t\tdata-xy=\"x:l,l,c,c;xo:22px,22px,0,0;yo:244px,244px,204px,99px;\"\n\t\t\t\t\t\t\t\tdata-text=\"w:normal;s:63,63,76,65;l:68,68,84,70;fw:500;\"\n\t\t\t\t\t\t\t\tdata-dim=\"w:auto,auto,auto,391px;h:auto,auto,auto,268px;\"\n\t\t\t\t\t\t\t\tdata-frame_0=\"y:50,50,60px,36px;\"\n\t\t\t\t\t\t\t\tdata-frame_1=\"st:170;sp:1000;sR:170;\"\n\t\t\t\t\t\t\t\tdata-frame_999=\"o:0;st:w;sR:3830;\"\n\t\t\t\t\t\t\t\tstyle=\"z-index:5;font-family:'Barlow';\"\n\t\t\t\t\t\t\t><span style=\"color:#0e7a3f\">FAMILY <\/span>SOUL<br \/>\nGLOBAL <span style=\"color:#0e7a3f\">VISION<\/span><br \/>\n \n\t\t\t\t\t\t\t<\/rs-layer><!--\n\n\t\t\t\t\t\t\t--><rs-layer\n\t\t\t\t\t\t\t\tid=\"slider-2-slide-21-layer-10\" \n\t\t\t\t\t\t\t\tdata-type=\"text\"\n\t\t\t\t\t\t\t\tdata-rsp_ch=\"on\"\n\t\t\t\t\t\t\t\tdata-xy=\"xo:30px,30px,141px,53px;yo:422px,422px,398px,332px;\"\n\t\t\t\t\t\t\t\tdata-text=\"w:normal;s:26,26,39,24;l:33,33,48,22;\"\n\t\t\t\t\t\t\t\tdata-dim=\"w:auto,auto,auto,302px;\"\n\t\t\t\t\t\t\t\tdata-frame_0=\"y:50,50,57px,35px;\"\n\t\t\t\t\t\t\t\tdata-frame_1=\"st:300;sp:1000;sR:300;\"\n\t\t\t\t\t\t\t\tdata-frame_999=\"o:0;st:w;sR:3700;\"\n\t\t\t\t\t\t\t\tstyle=\"z-index:6;font-family:'Roboto';\"\n\t\t\t\t\t\t\t>1\/4<br \/>\n \n\t\t\t\t\t\t\t<\/rs-layer><!--\n\n\t\t\t\t\t\t\t--><a\n\t\t\t\t\t\t\t\tid=\"slider-2-slide-21-layer-11\" \n\t\t\t\t\t\t\t\tclass=\"rs-layer rev-btn\"\n\t\t\t\t\t\t\t\thref=\"\/es\/el-grupo\/\" target=\"_self\"\n\t\t\t\t\t\t\t\tdata-type=\"button\"\n\t\t\t\t\t\t\t\tdata-rsp_ch=\"on\"\n\t\t\t\t\t\t\t\tdata-xy=\"x:l,l,c,c;xo:27px,27px,0,-1px;yo:496px,496px,804px,625px;\"\n\t\t\t\t\t\t\t\tdata-text=\"w:normal;s:18,18,23,19;l:50,50,64,55;fw:500;a:left,left,left,center;\"\n\t\t\t\t\t\t\t\tdata-dim=\"w:auto,auto,auto,190px;minh:0px,0px,none,none;\"\n\t\t\t\t\t\t\t\tdata-padding=\"r:30,30,23,19;l:30,30,23,19;\"\n\t\t\t\t\t\t\t\tdata-frame_0=\"y:50,50,38px,31px;\"\n\t\t\t\t\t\t\t\tdata-frame_1=\"st:470;sp:1000;sR:470;\"\n\t\t\t\t\t\t\t\tdata-frame_999=\"o:0;st:w;sR:3530;\"\n\t\t\t\t\t\t\t\tdata-frame_hover=\"c:#383838;bgc:#fff;bor:0px,0px,0px,0px;sp:100;e:power1.inOut;bri:120%;\"\n\t\t\t\t\t\t\t\tstyle=\"z-index:7;background-color:#0e7a3f;font-family:'Roboto';\"\n\t\t\t\t\t\t\t>Descumbra m\u00e0s \n\t\t\t\t\t\t\t<\/a><!--\n-->\t\t\t\t\t<\/rs-slide>\n\t\t\t\t\t\t<rs-slide style=\"position: absolute;\" data-key=\"rs-22\" data-title=\"Slide\" data-thumb=\"\/\/fantiusa.hypefarm-test.it\/wp-content\/uploads\/2025\/04\/sl02-50x100.jpg\" data-in=\"o:0;\" data-out=\"a:false;\">\n\t\t\t\t\t\t\t<img decoding=\"async\" src=\"\/\/fantiusa.hypefarm-test.it\/wp-content\/plugins\/revslider\/sr6\/assets\/assets\/dummy.png\" alt=\"\" title=\"sl02\" width=\"2000\" height=\"980\" class=\"rev-slidebg tp-rs-img rs-lazyload\" data-lazyload=\"\/\/fantiusa.hypefarm-test.it\/wp-content\/uploads\/2025\/04\/sl02.jpg\" data-no-retina>\n<!--\n\t\t\t\t\t\t\t--><rs-layer\n\t\t\t\t\t\t\t\tid=\"slider-2-slide-22-layer-6\" \n\t\t\t\t\t\t\t\tdata-type=\"text\"\n\t\t\t\t\t\t\t\tdata-tsh=\"c:#2d2d2d;\"\n\t\t\t\t\t\t\t\tdata-rsp_ch=\"on\"\n\t\t\t\t\t\t\t\tdata-xy=\"x:l,l,c,c;xo:27px,27px,39px,0;yo:212px,212px,63px,99px;\"\n\t\t\t\t\t\t\t\tdata-text=\"w:normal;s:53,53,70,50;l:57,57,74,52;fw:500;\"\n\t\t\t\t\t\t\t\tdata-dim=\"w:auto,auto,auto,316px;h:auto,auto,auto,276px;\"\n\t\t\t\t\t\t\t\tdata-frame_0=\"y:50,50,64px,39px;\"\n\t\t\t\t\t\t\t\tdata-frame_1=\"st:260;sp:1000;sR:260;\"\n\t\t\t\t\t\t\t\tdata-frame_999=\"o:0;st:w;sR:3740;\"\n\t\t\t\t\t\t\t\tstyle=\"z-index:5;font-family:'Barlow';\"\n\t\t\t\t\t\t\t>Tu visi\u00f3n,<br \/>\nnuestro empe\u00f1o:<br \/>\n<span style=\"color:#0e7a3f\">dise\u00f1amos <\/span>para ti.<br \/>\n \n\t\t\t\t\t\t\t<\/rs-layer><!--\n\n\t\t\t\t\t\t\t--><rs-layer\n\t\t\t\t\t\t\t\tid=\"slider-2-slide-22-layer-7\" \n\t\t\t\t\t\t\t\tdata-type=\"text\"\n\t\t\t\t\t\t\t\tdata-tsh=\"c:#2d2d2d;\"\n\t\t\t\t\t\t\t\tdata-rsp_ch=\"on\"\n\t\t\t\t\t\t\t\tdata-xy=\"xo:30px,30px,137px,87px;yo:422px,422px,312px,379px;\"\n\t\t\t\t\t\t\t\tdata-text=\"w:normal;s:26,26,39,24;l:33,33,48,22;\"\n\t\t\t\t\t\t\t\tdata-dim=\"w:auto,auto,auto,302px;\"\n\t\t\t\t\t\t\t\tdata-frame_0=\"y:50,50,26,16;\"\n\t\t\t\t\t\t\t\tdata-frame_1=\"st:500;sp:1000;sR:500;\"\n\t\t\t\t\t\t\t\tdata-frame_999=\"o:0;st:w;sR:3500;\"\n\t\t\t\t\t\t\t\tstyle=\"z-index:6;font-family:'Roboto';\"\n\t\t\t\t\t\t\t>2\/4<br \/>\n \n\t\t\t\t\t\t\t<\/rs-layer><!--\n\n\t\t\t\t\t\t\t--><a\n\t\t\t\t\t\t\t\tid=\"slider-2-slide-22-layer-8\" \n\t\t\t\t\t\t\t\tclass=\"rs-layer rev-btn\"\n\t\t\t\t\t\t\t\thref=\"\/es\/company\/\" target=\"_self\"\n\t\t\t\t\t\t\t\tdata-type=\"button\"\n\t\t\t\t\t\t\t\tdata-rsp_ch=\"on\"\n\t\t\t\t\t\t\t\tdata-xy=\"x:l,l,c,c;xo:31px,31px,0,0;yo:496px,496px,804px,625px;\"\n\t\t\t\t\t\t\t\tdata-text=\"w:normal;s:18,18,23,19;l:50,50,64,55;fw:500;a:left,left,left,center;\"\n\t\t\t\t\t\t\t\tdata-dim=\"w:auto,auto,auto,190px;minh:0px,0px,none,none;\"\n\t\t\t\t\t\t\t\tdata-padding=\"r:30,30,16,13;l:30,30,16,13;\"\n\t\t\t\t\t\t\t\tdata-frame_0=\"y:50,50,26,21px;\"\n\t\t\t\t\t\t\t\tdata-frame_1=\"st:700;sp:1000;sR:700;\"\n\t\t\t\t\t\t\t\tdata-frame_999=\"o:0;st:w;sR:3300;\"\n\t\t\t\t\t\t\t\tdata-frame_hover=\"c:#383838;bgc:#fff;bor:0px,0px,0px,0px;sp:100;e:power1.inOut;bri:120%;\"\n\t\t\t\t\t\t\t\tstyle=\"z-index:7;background-color:#0e7a3f;font-family:'Roboto';\"\n\t\t\t\t\t\t\t>Descumbra m\u00e0s \n\t\t\t\t\t\t\t<\/a><!--\n-->\t\t\t\t\t<\/rs-slide>\n\t\t\t\t\t\t<rs-slide style=\"position: absolute;\" data-key=\"rs-23\" data-title=\"Slide\" data-thumb=\"\/\/fantiusa.hypefarm-test.it\/wp-content\/uploads\/2025\/04\/sl03-50x100.jpg\" data-in=\"o:0;\" data-out=\"a:false;\">\n\t\t\t\t\t\t\t<img decoding=\"async\" src=\"\/\/fantiusa.hypefarm-test.it\/wp-content\/plugins\/revslider\/sr6\/assets\/assets\/dummy.png\" alt=\"\" title=\"sl03\" width=\"2000\" height=\"980\" class=\"rev-slidebg tp-rs-img rs-lazyload\" data-lazyload=\"\/\/fantiusa.hypefarm-test.it\/wp-content\/uploads\/2025\/04\/sl03.jpg\" data-no-retina>\n<!--\n\t\t\t\t\t\t\t--><rs-layer\n\t\t\t\t\t\t\t\tid=\"slider-2-slide-23-layer-3\" \n\t\t\t\t\t\t\t\tdata-type=\"text\"\n\t\t\t\t\t\t\t\tdata-tsh=\"c:#2d2d2d;\"\n\t\t\t\t\t\t\t\tdata-rsp_ch=\"on\"\n\t\t\t\t\t\t\t\tdata-xy=\"x:l,l,c,c;xo:987px,987px,22px,0;yo:212px,212px,93px,99px;\"\n\t\t\t\t\t\t\t\tdata-text=\"w:normal;s:53,53,70,50;l:57,57,74,52;fw:500;a:right;\"\n\t\t\t\t\t\t\t\tdata-dim=\"w:auto,auto,auto,325px;h:auto,auto,auto,312px;\"\n\t\t\t\t\t\t\t\tdata-frame_0=\"y:50,50,26,16;\"\n\t\t\t\t\t\t\t\tdata-frame_1=\"st:180;sp:1000;sR:180;\"\n\t\t\t\t\t\t\t\tdata-frame_999=\"o:0;st:w;sR:3820;\"\n\t\t\t\t\t\t\t\tstyle=\"z-index:5;font-family:'Barlow';\"\n\t\t\t\t\t\t\t>Tu visi\u00f3n,<br \/>\nnuestro empe\u00f1o:<br \/>\n<span style=\"color:#0e7a3f\">innovamos <\/span>para ti. \n\t\t\t\t\t\t\t<\/rs-layer><!--\n\n\t\t\t\t\t\t\t--><rs-layer\n\t\t\t\t\t\t\t\tid=\"slider-2-slide-23-layer-4\" \n\t\t\t\t\t\t\t\tdata-type=\"text\"\n\t\t\t\t\t\t\t\tdata-tsh=\"c:#2d2d2d;\"\n\t\t\t\t\t\t\t\tdata-rsp_ch=\"on\"\n\t\t\t\t\t\t\t\tdata-xy=\"xo:1360px,1360px,624px,352px;yo:422px,422px,330px,379px;\"\n\t\t\t\t\t\t\t\tdata-text=\"w:normal;s:26,26,39,24;l:33,33,48,22;\"\n\t\t\t\t\t\t\t\tdata-dim=\"w:auto,auto,auto,43px;\"\n\t\t\t\t\t\t\t\tdata-frame_0=\"y:50,50,26,16;\"\n\t\t\t\t\t\t\t\tdata-frame_1=\"st:320;sp:1000;sR:320;\"\n\t\t\t\t\t\t\t\tdata-frame_999=\"o:0;st:w;sR:3680;\"\n\t\t\t\t\t\t\t\tstyle=\"z-index:6;font-family:'Roboto';\"\n\t\t\t\t\t\t\t>3\/4<br \/>\n \n\t\t\t\t\t\t\t<\/rs-layer><!--\n\n\t\t\t\t\t\t\t--><a\n\t\t\t\t\t\t\t\tid=\"slider-2-slide-23-layer-5\" \n\t\t\t\t\t\t\t\tclass=\"rs-layer rev-btn\"\n\t\t\t\t\t\t\t\thref=\"\/es\/los-productos-y-los-servicios\/\" target=\"_self\"\n\t\t\t\t\t\t\t\tdata-type=\"button\"\n\t\t\t\t\t\t\t\tdata-rsp_ch=\"on\"\n\t\t\t\t\t\t\t\tdata-xy=\"x:l,l,c,c;xo:1241px,1241px,0,0;yo:496px,496px,804px,625px;\"\n\t\t\t\t\t\t\t\tdata-text=\"w:normal;s:18,18,23,19;l:50,50,64,55;fw:500;a:left,left,left,center;\"\n\t\t\t\t\t\t\t\tdata-dim=\"w:auto,auto,auto,190px;minh:0px,0px,none,none;\"\n\t\t\t\t\t\t\t\tdata-padding=\"r:30,30,16,13;l:30,30,16,13;\"\n\t\t\t\t\t\t\t\tdata-frame_0=\"y:50,50,26,16;\"\n\t\t\t\t\t\t\t\tdata-frame_1=\"st:520;sp:1000;sR:520;\"\n\t\t\t\t\t\t\t\tdata-frame_999=\"o:0;st:w;sR:3480;\"\n\t\t\t\t\t\t\t\tdata-frame_hover=\"c:#383838;bgc:#fff;bor:0px,0px,0px,0px;sp:100;e:power1.inOut;bri:120%;\"\n\t\t\t\t\t\t\t\tstyle=\"z-index:7;background-color:#0e7a3f;font-family:'Roboto';\"\n\t\t\t\t\t\t\t>Descumbra m\u00e0s \n\t\t\t\t\t\t\t<\/a><!--\n-->\t\t\t\t\t<\/rs-slide>\n\t\t\t\t\t\t<rs-slide style=\"position: absolute;\" data-key=\"rs-24\" data-title=\"Slide\" data-thumb=\"\/\/fantiusa.hypefarm-test.it\/wp-content\/uploads\/2025\/04\/sl04b-50x100.jpg\" data-in=\"o:0;\" data-out=\"a:false;\">\n\t\t\t\t\t\t\t<img decoding=\"async\" src=\"\/\/fantiusa.hypefarm-test.it\/wp-content\/plugins\/revslider\/sr6\/assets\/assets\/dummy.png\" alt=\"\" title=\"sl04b\" width=\"2000\" height=\"980\" class=\"rev-slidebg tp-rs-img rs-lazyload\" data-lazyload=\"\/\/fantiusa.hypefarm-test.it\/wp-content\/uploads\/2025\/04\/sl04b.jpg\" data-no-retina>\n<!--\n\t\t\t\t\t\t\t--><rs-layer\n\t\t\t\t\t\t\t\tid=\"slider-2-slide-24-layer-36\" \n\t\t\t\t\t\t\t\tdata-type=\"text\"\n\t\t\t\t\t\t\t\tdata-tsh=\"c:#2d2d2d;\"\n\t\t\t\t\t\t\t\tdata-rsp_ch=\"on\"\n\t\t\t\t\t\t\t\tdata-xy=\"x:l,l,c,c;xo:27px,27px,39px,0;yo:212px,212px,63px,99px;\"\n\t\t\t\t\t\t\t\tdata-text=\"w:normal;s:53,53,70,50;l:57,57,74,52;fw:500;\"\n\t\t\t\t\t\t\t\tdata-dim=\"w:auto,auto,auto,316px;h:auto,auto,auto,276px;\"\n\t\t\t\t\t\t\t\tdata-frame_0=\"y:50,50,64px,39px;\"\n\t\t\t\t\t\t\t\tdata-frame_1=\"st:260;sp:1000;sR:260;\"\n\t\t\t\t\t\t\t\tdata-frame_999=\"o:0;st:w;sR:3740;\"\n\t\t\t\t\t\t\t\tstyle=\"z-index:6;font-family:'Barlow';\"\n\t\t\t\t\t\t\t>Tu visi\u00f3n,<br \/>\nnuestro empe\u00f1o:<br \/>\n<span style=\"color:#0e7a3f\">producimos<\/span> para ti \n\t\t\t\t\t\t\t<\/rs-layer><!--\n\n\t\t\t\t\t\t\t--><rs-layer\n\t\t\t\t\t\t\t\tid=\"slider-2-slide-24-layer-37\" \n\t\t\t\t\t\t\t\tdata-type=\"text\"\n\t\t\t\t\t\t\t\tdata-tsh=\"c:#2d2d2d;\"\n\t\t\t\t\t\t\t\tdata-rsp_ch=\"on\"\n\t\t\t\t\t\t\t\tdata-xy=\"xo:30px,30px,137px,87px;yo:422px,422px,312px,379px;\"\n\t\t\t\t\t\t\t\tdata-text=\"w:normal;s:26,26,39,24;l:33,33,48,22;\"\n\t\t\t\t\t\t\t\tdata-dim=\"w:auto,auto,auto,302px;\"\n\t\t\t\t\t\t\t\tdata-frame_0=\"y:50,50,26,16;\"\n\t\t\t\t\t\t\t\tdata-frame_1=\"st:500;sp:1000;sR:500;\"\n\t\t\t\t\t\t\t\tdata-frame_999=\"o:0;st:w;sR:3500;\"\n\t\t\t\t\t\t\t\tstyle=\"z-index:6;font-family:'Roboto';\"\n\t\t\t\t\t\t\t>4\/4<br \/>\n \n\t\t\t\t\t\t\t<\/rs-layer><!--\n\n\t\t\t\t\t\t\t--><a\n\t\t\t\t\t\t\t\tid=\"slider-2-slide-24-layer-38\" \n\t\t\t\t\t\t\t\tclass=\"rs-layer rev-btn\"\n\t\t\t\t\t\t\t\thref=\"\/es\/el-empeno\/\" target=\"_self\"\n\t\t\t\t\t\t\t\tdata-type=\"button\"\n\t\t\t\t\t\t\t\tdata-rsp_ch=\"on\"\n\t\t\t\t\t\t\t\tdata-xy=\"x:l,l,c,c;xo:31px,31px,0,0;yo:496px,496px,804px,625px;\"\n\t\t\t\t\t\t\t\tdata-text=\"w:normal;s:18,18,23,19;l:50,50,64,55;fw:500;a:left,left,left,center;\"\n\t\t\t\t\t\t\t\tdata-dim=\"w:auto,auto,auto,190px;minh:0px,0px,none,none;\"\n\t\t\t\t\t\t\t\tdata-padding=\"r:30,30,16,13;l:30,30,16,13;\"\n\t\t\t\t\t\t\t\tdata-frame_0=\"y:50,50,26,21px;\"\n\t\t\t\t\t\t\t\tdata-frame_1=\"st:700;sp:1000;sR:700;\"\n\t\t\t\t\t\t\t\tdata-frame_999=\"o:0;st:w;sR:3300;\"\n\t\t\t\t\t\t\t\tdata-frame_hover=\"c:#383838;bgc:#fff;bor:0px,0px,0px,0px;sp:100;e:power1.inOut;bri:120%;\"\n\t\t\t\t\t\t\t\tstyle=\"z-index:7;background-color:#0e7a3f;font-family:'Roboto';\"\n\t\t\t\t\t\t\t>Descumbra m\u00e0s \n\t\t\t\t\t\t\t<\/a><!--\n-->\t\t\t\t\t<\/rs-slide>\n\t\t\t\t\t<\/rs-slides>\n\t\t\t\t<\/rs-module>\n\t\t\t\t<script>\n\t\t\t\t\tsetREVStartSize({c: 'rev_slider_2_1',rl:[1240,1240,778,480],el:[750,750,960,720],gw:[1440,1440,778,480],gh:[750,750,960,720],type:'standard',justify:'',layout:'fullwidth',mh:\"0\"});if (window.RS_MODULES!==undefined && window.RS_MODULES.modules!==undefined && window.RS_MODULES.modules[\"revslider21\"]!==undefined) {window.RS_MODULES.modules[\"revslider21\"].once = false;window.revapi2 = undefined;if (window.RS_MODULES.checkMinimal!==undefined) window.RS_MODULES.checkMinimal()}\n\t\t\t\t<\/script>\n\t\t\t<\/rs-module-wrap>\n\t\t\t<!-- END REVOLUTION SLIDER -->\n[\/vc_column][\/vc_row][vc_row full_width=\u00bbstretch_row_content_no_spaces\u00bb gap=\u00bb30&#8243; css=\u00bb.vc_custom_1744809923388{padding-top: 70px !important;padding-bottom: 70px !important;}\u00bb][vc_column width=\u00bb1\/12&#8243;][\/vc_column][vc_column width=\u00bb5\/12&#8243;][vc_column_text css=\u00bb.vc_custom_1747221499958{margin-bottom: 15px !important;}\u00bb]<\/p>\n<h1><img loading=\"lazy\" decoding=\"async\" class=\"alignleft wp-image-6397\" src=\"\/wp-content\/uploads\/2025\/04\/ic01.png\" alt=\"\" width=\"80\" height=\"70\" \/><\/h1>\n<h1>QUI\u00c9NES SOMOS<\/h1>\n<p>[\/vc_column_text][vc_separator color=\u00bbcustom\u00bb border_width=\u00bb10&#8243; css=\u00bb.vc_custom_1744808664790{margin-bottom: 50px !important;}\u00bb accent_color=\u00bb#0E7A3F\u00bb][vc_column_text css=\u00bb.vc_custom_1747221515550{padding-top: 40px !important;padding-bottom: 40px !important;}\u00bb]Fanti USA es el fruto de la <strong>estrategia empresarial de internacionalizaci\u00f3n y de expansi\u00f3n<\/strong> de Fanti Packaging, empresa con sede en Casalecchio di Reno (Bolonia, Italia) que, desde hace m\u00e1s de setenta a\u00f1os, es l\u00edder global en el <strong>sector del envasado primario para pinturas y productos qu\u00edmicos<\/strong>.<br \/>\nConstituida en 2024 en Weirton, West Virginia, Fanti USA se propone el objetivo de operar en el <strong>mercado estadounidense<\/strong>, en particular en las m\u00e1s importantes realidades de los sectores del <strong>Noreste<\/strong> y del <strong>Medio Oeste<\/strong>, gracias a una<strong> gama vers\u00e1til y de elevada calidad de botes, cubos y bidones de metal<\/strong>.[\/vc_column_text]<style type=\"text\/css\" data-type=\"the7_shortcodes-inline-css\">#default-btn-5104c456687fe239820601e6254a5382.ico-right-side > i {\n  margin-right: 0px;\n  margin-left: 8px;\n}\n#default-btn-5104c456687fe239820601e6254a5382 > i {\n  margin-right: 8px;\n}\n<\/style><a href=\"\/es\/quienes-somos\/\" class=\"default-btn-shortcode dt-btn dt-btn-l link-hover-off btn-inline-left \" id=\"default-btn-5104c456687fe239820601e6254a5382\" title=\"Qui\u00e9nes Somos\"><span>Descubra m\u00e1s<\/span><\/a>[\/vc_column][vc_column width=\u00bb1\/2&#8243; css=\u00bb.vc_custom_1745219091840{padding-left: 0px !important;}\u00bb el_class=\u00bbcolumnroundssx\u00bb][vc_single_image image=\u00bb8103&#8243; img_size=\u00bbfull\u00bb alignment=\u00bbcenter\u00bb style=\u00bbvc_box_rounded\u00bb css=\u00bb.vc_custom_1747219707525{border-radius: 35px !important;}\u00bb image_hovers=\u00bbfalse\u00bb el_class=\u00bbroundsx\u00bb][\/vc_column][\/vc_row][vc_row full_width=\u00bbstretch_row_content_no_spaces\u00bb gap=\u00bb30&#8243; css=\u00bb.vc_custom_1745222901372{padding-top: 70px !important;padding-bottom: 70px !important;}\u00bb el_class=\u00bbswap-on-mobile\u00bb][vc_column width=\u00bb1\/2&#8243; css=\u00bb.vc_custom_1745219077547{padding-left: 0px !important;}\u00bb el_class=\u00bbcolumnroundsdx\u00bb][vc_single_image image=\u00bb6376&#8243; img_size=\u00bbfull\u00bb alignment=\u00bbcenter\u00bb style=\u00bbvc_box_rounded\u00bb css=\u00bb.vc_custom_1747219729667{border-radius: 35px !important;}\u00bb el_class=\u00bbrounddx\u00bb][\/vc_column][vc_column width=\u00bb5\/12&#8243;][vc_column_text css=\u00bb.vc_custom_1747221569853{margin-bottom: 15px !important;}\u00bb]<\/p>\n<h1 style=\"text-align: right;\">PRODUCTOS Y SERVICIOS<img loading=\"lazy\" decoding=\"async\" class=\"alignright wp-image-6378\" src=\"\/wp-content\/uploads\/2025\/04\/pded.png\" alt=\"\" width=\"51\" height=\"860\" \/><\/h1>\n<p>[\/vc_column_text][vc_separator color=\u00bbcustom\u00bb border_width=\u00bb10&#8243; css=\u00bb.vc_custom_1744808664790{margin-bottom: 50px !important;}\u00bb accent_color=\u00bb#0E7A3F\u00bb][vc_column_text css=\u00bb.vc_custom_1747221581870{padding-top: 40px !important;padding-bottom: 40px !important;}\u00bb]Los principales sectores en los cuales Fanti USA ha programado su desarrollo se refieren a la <strong>producci\u00f3n<\/strong> y al <strong>servicio<\/strong>.<br \/>\nBasada en la experiencia y \u00e9xito pluridecenal de Fanti Packaging, con Fanti USA deseamos representar <strong>la excelencia en la producci\u00f3n de botes de metal<\/strong> para el mercado estadounidense, garantizando la <strong>fiabilidad<\/strong>, la <strong>resistencia<\/strong> y la <strong>seguridad<\/strong> de las cuales Fanti es emblema.<br \/>\nUna <strong>diferencia esencial<\/strong> la proponemos en la <strong>atenci\u00f3n al cliente<\/strong>: <strong>esmero<\/strong>, <strong>puntualidad<\/strong>, <strong>personalizaci\u00f3n<\/strong> son las caracter\u00edsticas propias de nuestro servicio, confirmando <strong>m\u00e1xima confiabilidad en los tiempos de preparaci\u00f3n de los pedidos, de su gesti\u00f3n y entrega.<\/strong>[\/vc_column_text]<style type=\"text\/css\" data-type=\"the7_shortcodes-inline-css\">#default-btn-83dc49df7746c95dcfd8497aa1fe85ec.ico-right-side > i {\n  margin-right: 0px;\n  margin-left: 8px;\n}\n#default-btn-83dc49df7746c95dcfd8497aa1fe85ec > i {\n  margin-right: 8px;\n}\n<\/style><a href=\"\/es\/los-productos-y-los-servicios\/\" class=\"default-btn-shortcode dt-btn dt-btn-l link-hover-off btn-inline-right \" id=\"default-btn-83dc49df7746c95dcfd8497aa1fe85ec\"><span>Descubra m\u00e1s<\/span><\/a>[\/vc_column][vc_column width=\u00bb1\/12&#8243;][\/vc_column][\/vc_row][vc_row full_width=\u00bbstretch_row_content_no_spaces\u00bb gap=\u00bb30&#8243; css=\u00bb.vc_custom_1744809923388{padding-top: 70px !important;padding-bottom: 70px !important;}\u00bb][vc_column width=\u00bb1\/12&#8243;][\/vc_column][vc_column width=\u00bb5\/12&#8243;][vc_column_text css=\u00bb.vc_custom_1747221615769{margin-bottom: 15px !important;}\u00bb]<\/p>\n<h1><img loading=\"lazy\" decoding=\"async\" class=\"alignleft wp-image-6377\" src=\"\/wp-content\/uploads\/2025\/04\/04ic.png\" alt=\"\" width=\"64\" height=\"60\" \/><\/h1>\n<h1>EL EMPE\u00d1O<\/h1>\n<p>[\/vc_column_text][vc_separator color=\u00bbcustom\u00bb border_width=\u00bb10&#8243; css=\u00bb.vc_custom_1744808664790{margin-bottom: 50px !important;}\u00bb accent_color=\u00bb#0E7A3F\u00bb][vc_column_text css=\u00bb.vc_custom_1747221628232{padding-top: 40px !important;padding-bottom: 40px !important;}\u00bb]En Fanti USA invertimos en cada nuestra actividad aplicando el lema que nos caracteriza y caracteriza a todo el grupo de Fanti Packaging: \u201c<strong>Alma<\/strong> <strong>familiar, visi\u00f3n global<\/strong>\u201d. Por ello el <strong>empe\u00f1o contante<\/strong>, los <strong>valores radicados<\/strong> y la atenci\u00f3n meticulosa prestada a los aspectos relativos al <strong>respeto del ambiente y de las personas <\/strong>constituyen parte integrante de una visi\u00f3n que gu\u00eda cada fase de nuestro desarrollo.<br \/>\nLas tendencias de sector y las normativas vigentes establecen coordenadas de desarrollo espec\u00edficas para los botes de metal y nosotros las aplicamos seg\u00fan los <strong>criterios de eficiencia y de calidad<\/strong> que nos identifican en todo el mundo, a fin de garantizar <strong>productos fiables, resistentes y seguros<\/strong>.<br \/>\nCreemos tambi\u00e9n con convicci\u00f3n en un <strong>crecimiento sustentable<\/strong> y por ello nos comprometemos activamente a fin de garantizar a nuestro equipo un <strong>ambiente sano y confortable<\/strong>, promoviendo tambi\u00e9n la <strong>reducci\u00f3n del impacto ecol\u00f3gico<\/strong> mediante el uso de energ\u00edas renovables y de tecnolog\u00edas innovadoras tales como los sistemas fotovoltaicos.[\/vc_column_text]<style type=\"text\/css\" data-type=\"the7_shortcodes-inline-css\">#default-btn-afffe31054cd801644b0a1dd3d4513ac.ico-right-side > i {\n  margin-right: 0px;\n  margin-left: 8px;\n}\n#default-btn-afffe31054cd801644b0a1dd3d4513ac > i {\n  margin-right: 8px;\n}\n<\/style><a href=\"\/es\/el-empeno\/\" class=\"default-btn-shortcode dt-btn dt-btn-l link-hover-off btn-inline-left \" id=\"default-btn-afffe31054cd801644b0a1dd3d4513ac\" title=\"El Empe\u00f1o\"><span>Descubra m\u00e1s<\/span><\/a>[\/vc_column][vc_column width=\u00bb1\/2&#8243; css=\u00bb.vc_custom_1745219091840{padding-left: 0px !important;}\u00bb el_class=\u00bbcolumnroundssx\u00bb][vc_single_image image=\u00bb6380&#8243; img_size=\u00bbfull\u00bb alignment=\u00bbcenter\u00bb style=\u00bbvc_box_rounded\u00bb css=\u00bb.vc_custom_1747219737221{border-radius: 35px !important;}\u00bb image_hovers=\u00bbfalse\u00bb el_class=\u00bbroundsx\u00bb][\/vc_column][\/vc_row]<\/p>\n<\/div>","protected":false},"excerpt":{"rendered":"<p>[vc_row][vc_column][\/vc_column][\/vc_row][vc_row full_width=\u00bbstretch_row_content_no_spaces\u00bb gap=\u00bb30&#8243; css=\u00bb.vc_custom_1744809923388{padding-top: 70px !important;padding-bottom: 70px !important;}\u00bb][vc_column width=\u00bb1\/12&#8243;][\/vc_column][vc_column width=\u00bb5\/12&#8243;][vc_column_text css=\u00bb.vc_custom_1747221499958{margin-bottom: 15px !important;}\u00bb] QUI\u00c9NES SOMOS [\/vc_column_text][vc_separator color=\u00bbcustom\u00bb border_width=\u00bb10&#8243; css=\u00bb.vc_custom_1744808664790{margin-bottom: 50px !important;}\u00bb accent_color=\u00bb#0E7A3F\u00bb][vc_column_text css=\u00bb.vc_custom_1747221515550{padding-top: 40px !important;padding-bottom: 40px !important;}\u00bb]Fanti USA es el fruto de la estrategia empresarial de internacionalizaci\u00f3n y de expansi\u00f3n de Fanti Packaging, empresa con sede en Casalecchio di Reno (Bolonia, Italia) que, desde hace<\/p>\n","protected":false},"author":1,"featured_media":0,"parent":0,"menu_order":0,"comment_status":"closed","ping_status":"closed","template":"","meta":{"cybocfi_hide_featured_image":"","footnotes":""},"categories":[],"tags":[],"class_list":["post-6824","page","type-page","status-publish","hentry","description-off"],"_links":{"self":[{"href":"https:\/\/fantiusa.hypefarm-test.it\/es\/wp-json\/wp\/v2\/pages\/6824","targetHints":{"allow":["GET"]}}],"collection":[{"href":"https:\/\/fantiusa.hypefarm-test.it\/es\/wp-json\/wp\/v2\/pages"}],"about":[{"href":"https:\/\/fantiusa.hypefarm-test.it\/es\/wp-json\/wp\/v2\/types\/page"}],"author":[{"embeddable":true,"href":"https:\/\/fantiusa.hypefarm-test.it\/es\/wp-json\/wp\/v2\/users\/1"}],"replies":[{"embeddable":true,"href":"https:\/\/fantiusa.hypefarm-test.it\/es\/wp-json\/wp\/v2\/comments?post=6824"}],"version-history":[{"count":12,"href":"https:\/\/fantiusa.hypefarm-test.it\/es\/wp-json\/wp\/v2\/pages\/6824\/revisions"}],"predecessor-version":[{"id":8120,"href":"https:\/\/fantiusa.hypefarm-test.it\/es\/wp-json\/wp\/v2\/pages\/6824\/revisions\/8120"}],"wp:attachment":[{"href":"https:\/\/fantiusa.hypefarm-test.it\/es\/wp-json\/wp\/v2\/media?parent=6824"}],"wp:term":[{"taxonomy":"category","embeddable":true,"href":"https:\/\/fantiusa.hypefarm-test.it\/es\/wp-json\/wp\/v2\/categories?post=6824"},{"taxonomy":"post_tag","embeddable":true,"href":"https:\/\/fantiusa.hypefarm-test.it\/es\/wp-json\/wp\/v2\/tags?post=6824"}],"curies":[{"name":"wp","href":"https:\/\/api.w.org\/{rel}","templated":true}]}}